{"id":1213,"date":"2020-03-24T21:49:29","date_gmt":"2020-03-24T21:49:29","guid":{"rendered":"https:\/\/repropix.com\/?page_id=1213"},"modified":"2025-01-21T17:33:45","modified_gmt":"2025-01-21T16:33:45","slug":"privacy-notice","status":"publish","type":"page","link":"https:\/\/repropix.eu\/de\/privacy-notice\/","title":{"rendered":"Datenschutzbestimmungen"},"content":{"rendered":"<p><div class=\"fusion-fullwidth fullwidth-box fusion-builder-row-1 fusion-flex-container nonhundred-percent-fullwidth non-hundred-percent-height-scrolling\" style=\"--awb-border-radius-top-left:0px;--awb-border-radius-top-right:0px;--awb-border-radius-bottom-right:0px;--awb-border-radius-bottom-left:0px;--awb-padding-top:200px;--awb-padding-bottom:49.984399999999994px;--awb-padding-top-medium:100px;--awb-padding-top-small:50px;--awb-padding-bottom-small:50px;--awb-flex-wrap:wrap;\" ><div class=\"fusion-builder-row fusion-row fusion-flex-align-items-center fusion-flex-content-wrap\" style=\"max-width:calc( 1200px + 0px );margin-left: calc(-0px \/ 2 );margin-right: calc(-0px \/ 2 );\"><div class=\"fusion-layout-column fusion_builder_column fusion-builder-column-0 fusion_builder_column_1_1 1_1 fusion-flex-column\" style=\"--awb-bg-blend:overlay;--awb-bg-size:cover;--awb-width-large:100%;--awb-margin-top-large:0px;--awb-spacing-right-large:0px;--awb-margin-bottom-large:20px;--awb-spacing-left-large:0px;--awb-width-medium:100%;--awb-spacing-right-medium:0px;--awb-spacing-left-medium:0px;--awb-width-small:100%;--awb-spacing-right-small:0px;--awb-spacing-left-small:0px;\"><div class=\"fusion-column-wrapper fusion-flex-justify-content-flex-start fusion-content-layout-column\"><div class=\"fusion-title title fusion-title-1 fusion-title-center fusion-title-text fusion-title-size-one\"><div class=\"title-sep-container title-sep-container-left\"><div class=\"title-sep sep-single sep-solid\" style=\"border-color:#e0dede;\"><\/div><\/div><span class=\"awb-title-spacer\"><\/span><h1 class=\"fusion-title-heading title-heading-center fusion-responsive-typography-calculated\" style=\"margin:0;--fontSize:46;line-height:1;\">Rechtliche Hinweise, Allgemeine Nutzungsbedingungen und Datenschutzrichtlinie<\/h1><span class=\"awb-title-spacer\"><\/span><div class=\"title-sep-container title-sep-container-right\"><div class=\"title-sep sep-single sep-solid\" style=\"border-color:#e0dede;\"><\/div><\/div><\/div><div class=\"fusion-text fusion-text-1\"><p style=\"text-align: center;\"><i>Datum des Inkrafttretens: Januar 20, 2025<\/i><\/p>\n<p><b><br \/><\/b><\/p>\n<p><b>1. Allgemeine Informationen<\/b><\/p>\n<p><span style=\"color: var(--awb-text-color); font-family: var(--awb-text-font-family); font-size: var(--awb-font-size); font-style: var(--awb-text-font-style); font-weight: var(--awb-text-font-weight); letter-spacing: var(--awb-letter-spacing); text-align: var(--awb-content-alignment); text-transform: var(--awb-text-transform); background-color: var(--awb-bg-color-hover);\">In Erf\u00fcllung der Informationspflicht gem\u00e4\u00df <\/span><b style=\"color: var(--awb-text-color); font-family: var(--awb-text-font-family); font-size: var(--awb-font-size); font-style: var(--awb-text-font-style); letter-spacing: var(--awb-letter-spacing); text-align: var(--awb-content-alignment); text-transform: var(--awb-text-transform); background-color: var(--awb-bg-color-hover);\">Gesetz 34\/2002 \u00fcber die Dienste der Informationsgesellschaft und den elektronischen Handel (LSSI-CE)<\/b><span style=\"color: var(--awb-text-color); font-family: var(--awb-text-font-family); font-size: var(--awb-font-size); font-style: var(--awb-text-font-style); font-weight: var(--awb-text-font-weight); letter-spacing: var(--awb-letter-spacing); text-align: var(--awb-content-alignment); text-transform: var(--awb-text-transform); background-color: var(--awb-bg-color-hover);\"> vom 11. Juli werden im Folgenden die allgemeinen Informationen zu dieser Website aufgef\u00fchrt:<\/span><b><br \/><\/b><\/p>\n<ul>\n<li style=\"font-weight: 400;\" aria-level=\"1\"><b>Name des Unternehmens<\/b><span style=\"font-weight: 400;\">: Repropix<\/span><\/li>\n<li style=\"font-weight: 400;\" aria-level=\"1\"><b>Adresse<\/b><span style=\"font-weight: 400;\">: 1629 Janet Street, Downers Grove, IL 60505, USA<\/span><\/li>\n<li style=\"font-weight: 400;\" aria-level=\"1\"><b>Kontakt E-Mail<\/b><span style=\"font-weight: 400;\">: <a style=\"color: inherit; cursor: pointer;\" href=\"mailto:team@repropix.eu\" target=\"_blank\" rel=\"noopener\">team@repropix.eu<\/a><\/span><\/li>\n<\/ul>\n<p><span style=\"font-weight: 400;\">Die Website<\/span><a href=\"https:\/\/repropix.eu\/de\/\"> <b>www.repropix.eu<\/b><\/a><span style=\"font-weight: 400;\"> (im Folgenden die \"Website\") ist Eigentum von Repropix (im Folgenden \"der Inhaber\") und wird von diesem betrieben.<\/span><\/p>\n<p><strong style=\"color: var(--awb-text-color); font-family: var(--awb-text-font-family); font-size: var(--awb-font-size); font-style: var(--awb-text-font-style); letter-spacing: var(--awb-letter-spacing); text-align: var(--awb-content-alignment); text-transform: var(--awb-text-transform); background-color: var(--awb-bg-color-hover);\">2. Allgemeine Bedingungen und Konditionen<\/strong><\/p>\n<p><span style=\"color: var(--awb-text-color); font-family: var(--awb-text-font-family); font-size: var(--awb-font-size); font-style: var(--awb-text-font-style); letter-spacing: var(--awb-letter-spacing); text-align: var(--awb-content-alignment); text-transform: var(--awb-text-transform); background-color: var(--awb-bg-color);\"><b>Zweck der Bedingungen und Konditionen<br \/><\/b><\/span><span style=\"background-color: var(--awb-bg-color-hover); color: var(--awb-text-color); font-family: var(--awb-text-font-family); font-size: var(--awb-font-size); font-style: var(--awb-text-font-style); letter-spacing: var(--awb-letter-spacing); text-align: var(--awb-content-alignment); text-transform: var(--awb-text-transform); font-weight: var(--awb-text-font-weight);\">Diese Allgemeinen Nutzungsbedingungen (im Folgenden \"Bedingungen\") regeln den Zugang zu und die Nutzung der Website. F\u00fcr die Zwecke dieser Bedingungen umfasst die Website:<\/span><\/p>\n<ul>\n<li style=\"font-weight: 400;\" aria-level=\"1\"><span style=\"font-weight: 400;\">Das visuelle Erscheinungsbild der Schnittstellen, sowohl statisch als auch dynamisch, einschlie\u00dflich der Navigationsstruktur.<\/span><\/li>\n<li style=\"font-weight: 400;\" aria-level=\"1\"><span style=\"font-weight: 400;\">Alle integrierten Elemente der Website und ihrer Schnittstellen (im Folgenden \"Inhalt\").<\/span><\/li>\n<li style=\"font-weight: 400;\" aria-level=\"1\"><span style=\"font-weight: 400;\">Alle Online-Dienste und Funktionalit\u00e4ten, die den Nutzern angeboten werden (im Folgenden \"Dienste\").<\/span><\/li>\n<\/ul>\n<p><span style=\"font-weight: 400;\">Der Inhaber beh\u00e4lt sich das Recht vor, die Pr\u00e4sentation und Konfiguration der Website, ihren Inhalt und ihre Dienste ohne vorherige Ank\u00fcndigung zu \u00e4ndern. Der Zugang zur Website ist kostenlos, wobei f\u00fcr das allgemeine Surfen keine Kosten anfallen, mit Ausnahme der Kosten, die durch die Internetverbindung entstehen.<\/span><\/p>\n<p><b>3<\/b><strong>. <span style=\"color: var(--awb-text-color); font-family: var(--awb-text-font-family); font-size: var(--awb-font-size); font-style: var(--awb-text-font-style); letter-spacing: var(--awb-letter-spacing); text-align: var(--awb-content-alignment); text-transform: var(--awb-text-transform); background-color: var(--awb-bg-color-hover);\">Verantwortung der Benutzer<\/span><\/strong><\/p>\n<p><span style=\"color: var(--awb-text-color); font-family: var(--awb-text-font-family); font-size: var(--awb-font-size); font-style: var(--awb-text-font-style); letter-spacing: var(--awb-letter-spacing); text-align: var(--awb-content-alignment); text-transform: var(--awb-text-transform); background-color: var(--awb-bg-color-hover);\"><b>Pflichten der Nutzer<br \/><\/b><\/span><\/p>\n<p><span style=\"background-color: var(--awb-bg-color-hover); color: var(--awb-text-color); font-family: var(--awb-text-font-family); font-size: var(--awb-font-size); font-style: var(--awb-text-font-style); letter-spacing: var(--awb-letter-spacing); text-align: var(--awb-content-alignment); text-transform: var(--awb-text-transform); font-weight: var(--awb-text-font-weight);\">Indem Sie auf die Website zugreifen, sie durchsuchen und nutzen, akzeptieren Sie diese Bedingungen und stimmen den folgenden Verpflichtungen zu:<\/span><\/p>\n<ul>\n<li style=\"font-weight: 400;\" aria-level=\"1\"><b>Richtige Verwendung<\/b><span style=\"font-weight: 400;\">: Sie werden die auf der Website bereitgestellten Inhalte oder Dienste nicht f\u00fcr ungesetzliche oder unbefugte Zwecke nutzen.<\/span><\/li>\n<li style=\"font-weight: 400;\" aria-level=\"1\"><b>Genauigkeit der Informationen<\/b><span style=\"font-weight: 400;\">: Sie verpflichten sich, bei der Nutzung von Formularen oder Funktionalit\u00e4ten der Website korrekte und rechtm\u00e4\u00dfige Angaben zu machen.<\/span><\/li>\n<\/ul>\n<p><span style=\"font-weight: 400;\">Der Inhaber erlaubt Minderj\u00e4hrigen nicht, die Website oder ihre Dienste zu nutzen, und der Nutzer muss ausreichend gesch\u00e4ftsf\u00e4hig sein, um die vorliegenden Bedingungen einzuhalten.<\/span><\/p>\n<p><strong>4. Zugang und Navigation auf der Website: Ausschluss von Garantien und Haftung<\/strong><\/p>\n<p><span style=\"font-weight: 400;\">Der Inhaber bem\u00fcht sich, einen ununterbrochenen und fehlerfreien Zugang zur Website zu gew\u00e4hrleisten, kann dies jedoch nicht garantieren. Der Inhaber ist nicht verantwortlich f\u00fcr:<\/span><\/p>\n<ul>\n<li style=\"font-weight: 400;\" aria-level=\"1\"><span style=\"font-weight: 400;\">M\u00f6gliche Sch\u00e4den durch von Dritten eingebrachte Viren oder Malware.<\/span><\/li>\n<li style=\"font-weight: 400;\" aria-level=\"1\"><span style=\"font-weight: 400;\">St\u00f6rungen in der Telekommunikation oder Unterbrechungen des Zugangs.<\/span><\/li>\n<\/ul>\n<p><strong>5. Verkn\u00fcpfungspolitik<\/strong><\/p>\n<p><span style=\"font-weight: 400;\">Die Website kann zu Ihrer Bequemlichkeit Links zu Websites Dritter enthalten. Der Inhaber ist nicht verantwortlich f\u00fcr die Richtigkeit, den Inhalt oder die Sicherheit der Websites Dritter und empfiehlt, die Nutzungsbedingungen und Datenschutzrichtlinien dieser Websites zu pr\u00fcfen.<\/span><\/p>\n<p><strong>6. Geistiges und gewerbliches Eigentum<\/strong><\/p>\n<p><span style=\"font-weight: 400;\">Repropix ist Eigent\u00fcmer aller geistigen und gewerblichen Eigentumsrechte, die mit der Website verbunden sind, einschlie\u00dflich, aber nicht beschr\u00e4nkt auf ihr Design, ihre Marken und Logos.<\/span><\/p>\n<ul>\n<li style=\"font-weight: 400;\" aria-level=\"1\"><span style=\"font-weight: 400;\">Den Nutzern ist es gestattet, die Inhalte ausschlie\u00dflich f\u00fcr pers\u00f6nliche Zwecke zu verwenden.<\/span><\/li>\n<li style=\"font-weight: 400;\" aria-level=\"1\"><span style=\"font-weight: 400;\">Die kommerzielle Nutzung oder Vervielf\u00e4ltigung ohne ausdr\u00fcckliche Genehmigung ist untersagt.<\/span><\/li>\n<\/ul>\n<\/div><\/div><\/div><\/div><\/div><div class=\"fusion-fullwidth fullwidth-box fusion-builder-row-2 fusion-flex-container nonhundred-percent-fullwidth non-hundred-percent-height-scrolling\" style=\"--awb-border-radius-top-left:0px;--awb-border-radius-top-right:0px;--awb-border-radius-bottom-right:0px;--awb-border-radius-bottom-left:0px;--awb-flex-wrap:wrap;\" ><div class=\"fusion-builder-row fusion-row fusion-flex-align-items-flex-start fusion-flex-content-wrap\" style=\"max-width:calc( 1200px + 0px );margin-left: calc(-0px \/ 2 );margin-right: calc(-0px \/ 2 );\"><div class=\"fusion-layout-column fusion_builder_column fusion-builder-column-1 fusion_builder_column_1_1 1_1 fusion-flex-column\" style=\"--awb-bg-blend:overlay;--awb-bg-size:cover;--awb-width-large:100%;--awb-margin-top-large:0px;--awb-spacing-right-large:0px;--awb-margin-bottom-large:20px;--awb-spacing-left-large:0px;--awb-width-medium:100%;--awb-spacing-right-medium:0px;--awb-spacing-left-medium:0px;--awb-width-small:100%;--awb-spacing-right-small:0px;--awb-spacing-left-small:0px;\"><div class=\"fusion-column-wrapper fusion-column-has-shadow fusion-flex-justify-content-flex-start fusion-content-layout-column\"><div class=\"fusion-title title fusion-title-2 fusion-title-center fusion-title-text fusion-title-size-one\"><div class=\"title-sep-container title-sep-container-left\"><div class=\"title-sep sep-single sep-solid\" style=\"border-color:#e0dede;\"><\/div><\/div><span class=\"awb-title-spacer\"><\/span><h1 class=\"fusion-title-heading title-heading-center fusion-responsive-typography-calculated\" style=\"margin:0;--fontSize:46;line-height:1;\">Datenschutzbestimmungen<\/h1><span class=\"awb-title-spacer\"><\/span><div class=\"title-sep-container title-sep-container-right\"><div class=\"title-sep sep-single sep-solid\" style=\"border-color:#e0dede;\"><\/div><\/div><\/div><div class=\"fusion-text fusion-text-2\"><p><span style=\"font-weight: 400;\"><br \/><\/span><\/p>\n<p><span style=\"font-weight: 400;\">Diese Datenschutzrichtlinie steht im Einklang mit <\/span><b>Verordnung (EU) 2016\/679 (Allgemeine Datenschutzverordnung - GDPR)<\/b><span style=\"font-weight: 400;\"> und andere anwendbare Datenschutzgesetze.<\/span><\/p>\n<p><strong>1. Data Controller<\/strong><\/p>\n<ul>\n<li style=\"font-weight: 400;\" aria-level=\"1\"><b>Name des Unternehmens<\/b><span style=\"font-weight: 400;\">: Repropix<\/span><\/li>\n<li style=\"font-weight: 400;\" aria-level=\"1\"><b>Adresse<\/b><span style=\"font-weight: 400;\">: 1629 Janet Street, Downers Grove, IL 60505, USA<\/span><\/li>\n<li style=\"font-weight: 400;\" aria-level=\"1\"><b>Kontakt E-Mail<\/b><span style=\"font-weight: 400;\">: <a style=\"color: inherit; cursor: pointer;\" href=\"mailto:team@repropix.eu\" target=\"_blank\" rel=\"noopener\">team@repropix.eu<\/a><\/span><\/li>\n<\/ul>\n<p><strong>2. Zweck der Datenverarbeitung<\/strong><\/p>\n<p><span style=\"font-weight: 400;\">Repropix kann personenbezogene Daten f\u00fcr die folgenden Zwecke erfassen und verarbeiten:<\/span><\/p>\n<ol>\n<li style=\"font-weight: 400;\" aria-level=\"1\"><b>Beantwortung von Benutzeranfragen<\/b><span style=\"font-weight: 400;\">: Zur Bearbeitung von Anfragen oder Antr\u00e4gen, die \u00fcber Kontaktformulare oder per E-Mail eingereicht werden.<\/span><\/li>\n<li style=\"font-weight: 400;\" aria-level=\"1\"><b>Marketing<\/b><span style=\"font-weight: 400;\">: Um Werbemitteilungen, Angebote und Aktualisierungen zu versenden (mit vorheriger Zustimmung).<\/span><\/li>\n<li style=\"font-weight: 400;\" aria-level=\"1\"><b>Erf\u00fcllung von Dienstleistungen<\/b><span style=\"font-weight: 400;\">: Zur Erleichterung, Erf\u00fcllung und Verwaltung der zwischen Repropix und dem Nutzer eingegangenen Verpflichtungen.<\/span><\/li>\n<\/ol>\n<p><span style=\"font-weight: 400;\">Personenbezogene Daten werden nur zu den ausdr\u00fccklich genannten Zwecken und in \u00dcbereinstimmung mit den gesetzlichen Bestimmungen verarbeitet.<\/span><\/p>\n<p><strong>3. Rechtsgrundlage f\u00fcr die Datenverarbeitung<\/strong><\/p>\n<p><span style=\"font-weight: 400;\">Die Verarbeitung der personenbezogenen Daten erfolgt auf der Grundlage:<\/span><\/p>\n<ol>\n<li style=\"font-weight: 400;\" aria-level=\"1\"><b>Zustimmung der Benutzer<\/b><span style=\"font-weight: 400;\">: Mit der Annahme dieser Datenschutzrichtlinie erkl\u00e4ren Sie sich mit der Verarbeitung Ihrer Daten einverstanden.<\/span><\/li>\n<li style=\"font-weight: 400;\" aria-level=\"1\"><b>Vertragliche Notwendigkeit<\/b><span style=\"font-weight: 400;\">: Die Datenverarbeitung ist f\u00fcr die Erf\u00fcllung vertraglicher oder vorvertraglicher Verpflichtungen erforderlich.<\/span><\/li>\n<li style=\"font-weight: 400;\" aria-level=\"1\"><b>Rechtliche Verpflichtungen<\/b><span style=\"font-weight: 400;\">: Einhaltung der geltenden Gesetze oder Vorschriften, die eine Datenverarbeitung vorschreiben.<\/span><\/li>\n<\/ol>\n<p><span style=\"font-weight: 400;\">Die Nutzer k\u00f6nnen ihre Einwilligung jederzeit widerrufen, ohne dass dadurch die Rechtm\u00e4\u00dfigkeit der vorherigen Datenverarbeitung ber\u00fchrt wird.<\/span><\/p>\n<p><strong>4. Kategorien von personenbezogenen Daten<\/strong><\/p>\n<p><span style=\"font-weight: 400;\">Zu den von Repropix verarbeiteten personenbezogenen Daten k\u00f6nnen geh\u00f6ren:<\/span><\/p>\n<ul>\n<li style=\"font-weight: 400;\" aria-level=\"1\"><b>Daten zur Identifizierung<\/b><span style=\"font-weight: 400;\">: Name, E-Mail Adresse, Telefonnummer.<\/span><\/li>\n<li style=\"font-weight: 400;\" aria-level=\"1\"><b>Kommunikationsdaten<\/b><span style=\"font-weight: 400;\">: Informationen, die \u00fcber Kontaktformulare, E-Mails oder Kundensupport-Kan\u00e4le weitergegeben werden.<\/span><\/li>\n<\/ul>\n<p><span style=\"font-weight: 400;\">Die von den Nutzern bereitgestellten Daten m\u00fcssen wahrheitsgem\u00e4\u00df und genau sein. Repropix lehnt die Haftung f\u00fcr Sch\u00e4den ab, die durch ungenaue oder unvollst\u00e4ndige Angaben des Nutzers entstehen.<\/span><\/p>\n<p><strong>5. Aufbewahrungsfrist der Daten<\/strong><\/p>\n<p><span style=\"font-weight: 400;\">Repropix speichert personenbezogene Daten so lange, wie es f\u00fcr die Erf\u00fcllung der in dieser Datenschutzrichtlinie genannten Zwecke erforderlich ist oder wie es gesetzlich vorgeschrieben ist.<\/span><\/p>\n<ul>\n<li style=\"font-weight: 400;\" aria-level=\"1\"><span style=\"font-weight: 400;\">Die Daten werden gel\u00f6scht, wenn sie nicht mehr ben\u00f6tigt werden, oder auf Wunsch des Nutzers, es sei denn, die Speicherung ist gesetzlich vorgeschrieben.<\/span><\/li>\n<\/ul>\n<p><strong>6. Datensicherheit<\/strong><\/p>\n<p><span style=\"font-weight: 400;\">Repropix ergreift angemessene technische und organisatorische Ma\u00dfnahmen, um Benutzerdaten vor unbefugtem Zugriff, Ver\u00e4nderung oder Zerst\u00f6rung zu sch\u00fctzen. Diese Ma\u00dfnahmen umfassen:<\/span><\/p>\n<ul>\n<li style=\"font-weight: 400;\" aria-level=\"1\"><span style=\"font-weight: 400;\">Sichere Speichersysteme.<\/span><\/li>\n<li style=\"font-weight: 400;\" aria-level=\"1\"><span style=\"font-weight: 400;\">Eingeschr\u00e4nkter Zugang zu personenbezogenen Daten.<\/span><\/li>\n<\/ul>\n<p><span style=\"font-weight: 400;\">Mitarbeiter, Auftragnehmer und Dritte sind an Vertraulichkeitsvereinbarungen gebunden.<\/span><\/p>\n<p><strong>7. Gemeinsame Nutzung von Daten und Drittparteien<\/strong><\/p>\n<p><span style=\"font-weight: 400;\">Repropix gibt personenbezogene Daten nicht an Dritte weiter, es sei denn:<\/span><\/p>\n<ul>\n<li style=\"font-weight: 400;\" aria-level=\"1\"><span style=\"font-weight: 400;\">Die ausdr\u00fcckliche Zustimmung der Nutzer liegt vor.<\/span><\/li>\n<li style=\"font-weight: 400;\" aria-level=\"1\"><span style=\"font-weight: 400;\">Die Weitergabe ist erforderlich, um gesetzlichen Verpflichtungen nachzukommen.<\/span><\/li>\n<\/ul>\n<p><span style=\"font-weight: 400;\">Gegebenenfalls m\u00fcssen Drittdienstleister die Anforderungen der DSGVO erf\u00fcllen.<\/span><\/p>\n<p><strong>8. Benutzerrechte<\/strong><\/p>\n<p><span style=\"font-weight: 400;\">Nach der DSGVO haben die Nutzer die folgenden Rechte:<\/span><\/p>\n<ul>\n<li style=\"font-weight: 400;\" aria-level=\"1\"><b>Zugang<\/b><span style=\"font-weight: 400;\">: Beantragen Sie Zugang zu den pers\u00f6nlichen Daten von Repropix.<\/span><\/li>\n<li style=\"font-weight: 400;\" aria-level=\"1\"><b>Richtigstellung<\/b><span style=\"font-weight: 400;\">: Korrigieren Sie ungenaue oder unvollst\u00e4ndige Daten.<\/span><\/li>\n<li style=\"font-weight: 400;\" aria-level=\"1\"><b>L\u00f6schen<\/b><span style=\"font-weight: 400;\">: Beantragung der L\u00f6schung von personenbezogenen Daten (\"Recht auf Vergessenwerden\").<\/span><\/li>\n<li style=\"font-weight: 400;\" aria-level=\"1\"><b>Einspruch<\/b><span style=\"font-weight: 400;\">: Widerspruch gegen bestimmte Datenverarbeitungsaktivit\u00e4ten.<\/span><\/li>\n<li style=\"font-weight: 400;\" aria-level=\"1\"><b>Einschr\u00e4nkung<\/b><span style=\"font-weight: 400;\">: Beantragung einer eingeschr\u00e4nkten Verarbeitung von Daten.<\/span><\/li>\n<li style=\"font-weight: 400;\" aria-level=\"1\"><b>Tragbarkeit<\/b><span style=\"font-weight: 400;\">: Sie erhalten eine Kopie der personenbezogenen Daten in einem maschinenlesbaren Format.<\/span><\/li>\n<\/ul>\n<p><span style=\"font-weight: 400;\">Zur Aus\u00fcbung dieser Rechte wenden Sie sich bitte an <\/span><b>team@repropix.eu<\/b><span style=\"font-weight: 400;\"> mit der Betreffzeile \"GDPR Rights Request\".<\/span><\/p>\n<p><strong>9. \u00c4nderungen an dieser Datenschutzrichtlinie<\/strong><\/p>\n<p><span style=\"font-weight: 400;\">Repropix beh\u00e4lt sich das Recht vor, diese Datenschutzrichtlinie zu aktualisieren, um \u00c4nderungen bei Dienstleistungen, rechtlichen Verpflichtungen oder Gesch\u00e4ftspraktiken zu ber\u00fccksichtigen. Die Benutzer werden \u00fcber die Website oder andere Kommunikationskan\u00e4le \u00fcber wesentliche Aktualisierungen informiert.<\/span><\/p>\n<p><strong>10. Kontaktinformationen<\/strong><\/p>\n<p><span style=\"font-weight: 400;\">Wenn Sie Fragen oder Bedenken zu dieser Datenschutzerkl\u00e4rung oder den Datenschutzpraktiken haben, wenden Sie sich bitte an uns:<\/span><\/p>\n<ul>\n<li style=\"font-weight: 400;\" aria-level=\"1\"><b>E-Mail<\/b><span style=\"font-weight: 400;\">: <a style=\"color: inherit; cursor: pointer;\" href=\"mailto:team@repropix.eu\" target=\"_blank\" rel=\"noopener\">team@repropix.eu<\/a><\/span><\/li>\n<li style=\"font-weight: 400;\" aria-level=\"1\"><b>Adresse<\/b><span style=\"font-weight: 400;\">: 1629 Janet Street, Downers Grove, IL 60505, USA<\/span><\/li>\n<\/ul>\n<p><span style=\"font-weight: 400;\">Wenn Sie der Meinung sind, dass Ihre Datenschutzrechte verletzt wurden, k\u00f6nnen Sie eine Beschwerde bei der zust\u00e4ndigen Aufsichtsbeh\u00f6rde einreichen.<\/span><\/p>\n<p><span style=\"font-weight: 400;\">Diese Datenschutzrichtlinie gilt ab dem Datum der Ver\u00f6ffentlichung auf der Repropix-Website.<\/span><\/p>\n<p><span style=\"font-weight: 400;\"><br \/><\/span><\/p>\n<p><span style=\"font-weight: 400;\"><br \/><\/span><\/p>\n<p><span style=\"font-weight: 400;\"><br \/><\/span><\/p>\n<p><span style=\"font-weight: 400;\"><br \/><\/span><\/p>\n<\/div><\/div><\/div><\/div><\/div><div class=\"fusion-fullwidth fullwidth-box fusion-builder-row-3 fusion-flex-container nonhundred-percent-fullwidth non-hundred-percent-height-scrolling\" style=\"--awb-border-radius-top-left:0px;--awb-border-radius-top-right:0px;--awb-border-radius-bottom-right:0px;--awb-border-radius-bottom-left:0px;--awb-flex-wrap:wrap;\" ><div class=\"fusion-builder-row fusion-row fusion-flex-align-items-flex-start fusion-flex-content-wrap\" style=\"max-width:calc( 1200px + 0px );margin-left: calc(-0px \/ 2 );margin-right: calc(-0px \/ 2 );\"><\/div><\/div><\/p>","protected":false},"excerpt":{"rendered":"","protected":false},"author":1,"featured_media":0,"parent":0,"menu_order":0,"comment_status":"closed","ping_status":"closed","template":"","meta":{"inline_featured_image":false,"footnotes":""},"class_list":["post-1213","page","type-page","status-publish","hentry"],"jetpack_sharing_enabled":true,"_links":{"self":[{"href":"https:\/\/repropix.eu\/de\/wp-json\/wp\/v2\/pages\/1213","targetHints":{"allow":["GET"]}}],"collection":[{"href":"https:\/\/repropix.eu\/de\/wp-json\/wp\/v2\/pages"}],"about":[{"href":"https:\/\/repropix.eu\/de\/wp-json\/wp\/v2\/types\/page"}],"author":[{"embeddable":true,"href":"https:\/\/repropix.eu\/de\/wp-json\/wp\/v2\/users\/1"}],"replies":[{"embeddable":true,"href":"https:\/\/repropix.eu\/de\/wp-json\/wp\/v2\/comments?post=1213"}],"version-history":[{"count":8,"href":"https:\/\/repropix.eu\/de\/wp-json\/wp\/v2\/pages\/1213\/revisions"}],"predecessor-version":[{"id":28450,"href":"https:\/\/repropix.eu\/de\/wp-json\/wp\/v2\/pages\/1213\/revisions\/28450"}],"wp:attachment":[{"href":"https:\/\/repropix.eu\/de\/wp-json\/wp\/v2\/media?parent=1213"}],"curies":[{"name":"wp","href":"https:\/\/api.w.org\/{rel}","templated":true}]}}