{"id":1213,"date":"2020-03-24T21:49:29","date_gmt":"2020-03-24T21:49:29","guid":{"rendered":"https:\/\/repropix.com\/?page_id=1213"},"modified":"2025-01-21T17:33:45","modified_gmt":"2025-01-21T16:33:45","slug":"privacy-notice","status":"publish","type":"page","link":"https:\/\/repropix.eu\/es\/privacy-notice\/","title":{"rendered":"Pol\u00edtica de privacidad"},"content":{"rendered":"<p><div class=\"fusion-fullwidth fullwidth-box fusion-builder-row-1 fusion-flex-container nonhundred-percent-fullwidth non-hundred-percent-height-scrolling\" style=\"--awb-border-radius-top-left:0px;--awb-border-radius-top-right:0px;--awb-border-radius-bottom-right:0px;--awb-border-radius-bottom-left:0px;--awb-padding-top:200px;--awb-padding-bottom:49.984399999999994px;--awb-padding-top-medium:100px;--awb-padding-top-small:50px;--awb-padding-bottom-small:50px;--awb-flex-wrap:wrap;\" ><div class=\"fusion-builder-row fusion-row fusion-flex-align-items-center fusion-flex-content-wrap\" style=\"max-width:calc( 1200px + 0px );margin-left: calc(-0px \/ 2 );margin-right: calc(-0px \/ 2 );\"><div class=\"fusion-layout-column fusion_builder_column fusion-builder-column-0 fusion_builder_column_1_1 1_1 fusion-flex-column\" style=\"--awb-bg-blend:overlay;--awb-bg-size:cover;--awb-width-large:100%;--awb-margin-top-large:0px;--awb-spacing-right-large:0px;--awb-margin-bottom-large:20px;--awb-spacing-left-large:0px;--awb-width-medium:100%;--awb-spacing-right-medium:0px;--awb-spacing-left-medium:0px;--awb-width-small:100%;--awb-spacing-right-small:0px;--awb-spacing-left-small:0px;\"><div class=\"fusion-column-wrapper fusion-flex-justify-content-flex-start fusion-content-layout-column\"><div class=\"fusion-title title fusion-title-1 fusion-title-center fusion-title-text fusion-title-size-one\"><div class=\"title-sep-container title-sep-container-left\"><div class=\"title-sep sep-single sep-solid\" style=\"border-color:#e0dede;\"><\/div><\/div><span class=\"awb-title-spacer\"><\/span><h1 class=\"fusion-title-heading title-heading-center fusion-responsive-typography-calculated\" style=\"margin:0;--fontSize:46;line-height:1;\">Aviso legal, condiciones generales de uso y pol\u00edtica de privacidad<\/h1><span class=\"awb-title-spacer\"><\/span><div class=\"title-sep-container title-sep-container-right\"><div class=\"title-sep sep-single sep-solid\" style=\"border-color:#e0dede;\"><\/div><\/div><\/div><div class=\"fusion-text fusion-text-1\"><p style=\"text-align: center;\"><i>Fecha de entrada en vigor: 20 de enero de 2025<\/i><\/p>\n<p><b><br \/><\/b><\/p>\n<p><b>1. 1. Informaci\u00f3n general<\/b><\/p>\n<p><span style=\"color: var(--awb-text-color); font-family: var(--awb-text-font-family); font-size: var(--awb-font-size); font-style: var(--awb-text-font-style); font-weight: var(--awb-text-font-weight); letter-spacing: var(--awb-letter-spacing); text-align: var(--awb-content-alignment); text-transform: var(--awb-text-transform); background-color: var(--awb-bg-color-hover);\">En cumplimiento del deber de informaci\u00f3n previsto en el <\/span><b style=\"color: var(--awb-text-color); font-family: var(--awb-text-font-family); font-size: var(--awb-font-size); font-style: var(--awb-text-font-style); letter-spacing: var(--awb-letter-spacing); text-align: var(--awb-content-alignment); text-transform: var(--awb-text-transform); background-color: var(--awb-bg-color-hover);\">Ley 34\/2002 de Servicios de la Sociedad de la Informaci\u00f3n y de Comercio Electr\u00f3nico (LSSI-CE)<\/b><span style=\"color: var(--awb-text-color); font-family: var(--awb-text-font-family); font-size: var(--awb-font-size); font-style: var(--awb-text-font-style); font-weight: var(--awb-text-font-weight); letter-spacing: var(--awb-letter-spacing); text-align: var(--awb-content-alignment); text-transform: var(--awb-text-transform); background-color: var(--awb-bg-color-hover);\"> de 11 de julio, a continuaci\u00f3n se ofrece informaci\u00f3n general sobre este sitio web:<\/span><b><br \/><\/b><\/p>\n<ul>\n<li style=\"font-weight: 400;\" aria-level=\"1\"><b>Nombre de la empresa<\/b><span style=\"font-weight: 400;\">: Repropix<\/span><\/li>\n<li style=\"font-weight: 400;\" aria-level=\"1\"><b>Direcci\u00f3n<\/b><span style=\"font-weight: 400;\">: 1629 Janet Street, Downers Grove, IL 60505, EE.UU.<\/span><\/li>\n<li style=\"font-weight: 400;\" aria-level=\"1\"><b>Correo electr\u00f3nico de contacto<\/b><span style=\"font-weight: 400;\">: <a style=\"color: inherit; cursor: pointer;\" href=\"mailto:team@repropix.eu\" target=\"_blank\" rel=\"noopener\">team@repropix.eu<\/a><\/span><\/li>\n<\/ul>\n<p><span style=\"font-weight: 400;\">El sitio web<\/span><a href=\"https:\/\/repropix.eu\/es\/\"> <b>www.repropix.eu<\/b><\/a><span style=\"font-weight: 400;\"> (en adelante, el \"Sitio Web\") es propiedad y est\u00e1 gestionado por Repropix (en adelante, \"el Titular\").<\/span><\/p>\n<p><strong style=\"color: var(--awb-text-color); font-family: var(--awb-text-font-family); font-size: var(--awb-font-size); font-style: var(--awb-text-font-style); letter-spacing: var(--awb-letter-spacing); text-align: var(--awb-content-alignment); text-transform: var(--awb-text-transform); background-color: var(--awb-bg-color-hover);\">2. Condiciones generales de uso<\/strong><\/p>\n<p><span style=\"color: var(--awb-text-color); font-family: var(--awb-text-font-family); font-size: var(--awb-font-size); font-style: var(--awb-text-font-style); letter-spacing: var(--awb-letter-spacing); text-align: var(--awb-content-alignment); text-transform: var(--awb-text-transform); background-color: var(--awb-bg-color);\"><b>Objeto de las condiciones generales<br \/><\/b><\/span><span style=\"background-color: var(--awb-bg-color-hover); color: var(--awb-text-color); font-family: var(--awb-text-font-family); font-size: var(--awb-font-size); font-style: var(--awb-text-font-style); letter-spacing: var(--awb-letter-spacing); text-align: var(--awb-content-alignment); text-transform: var(--awb-text-transform); font-weight: var(--awb-text-font-weight);\">Las presentes Condiciones Generales de Uso (en adelante, las \"Condiciones\") regulan el acceso y el uso del Sitio Web. A los efectos de las presentes Condiciones, el Sitio Web incluye:<\/span><\/p>\n<ul>\n<li style=\"font-weight: 400;\" aria-level=\"1\"><span style=\"font-weight: 400;\">El aspecto visual de las interfaces, tanto est\u00e1ticas como din\u00e1micas, incluida la estructura de navegaci\u00f3n.<\/span><\/li>\n<li style=\"font-weight: 400;\" aria-level=\"1\"><span style=\"font-weight: 400;\">Todos los elementos integrados en el Sitio Web y sus interfaces (en adelante, el \"Contenido\").<\/span><\/li>\n<li style=\"font-weight: 400;\" aria-level=\"1\"><span style=\"font-weight: 400;\">Todos los servicios y funcionalidades en l\u00ednea ofrecidos a los usuarios (en adelante, los \"Servicios\").<\/span><\/li>\n<\/ul>\n<p><span style=\"font-weight: 400;\">El Titular se reserva el derecho de modificar, sin previo aviso, la presentaci\u00f3n y configuraci\u00f3n del Sitio Web, sus Contenidos y Servicios. El acceso al Sitio Web es gratuito, sin coste alguno para la navegaci\u00f3n en general, salvo los costes derivados de su conexi\u00f3n a Internet.<\/span><\/p>\n<p><b>3<\/b><strong>. <span style=\"color: var(--awb-text-color); font-family: var(--awb-text-font-family); font-size: var(--awb-font-size); font-style: var(--awb-text-font-style); letter-spacing: var(--awb-letter-spacing); text-align: var(--awb-content-alignment); text-transform: var(--awb-text-transform); background-color: var(--awb-bg-color-hover);\">Responsabilidad del usuario<\/span><\/strong><\/p>\n<p><span style=\"color: var(--awb-text-color); font-family: var(--awb-text-font-family); font-size: var(--awb-font-size); font-style: var(--awb-text-font-style); letter-spacing: var(--awb-letter-spacing); text-align: var(--awb-content-alignment); text-transform: var(--awb-text-transform); background-color: var(--awb-bg-color-hover);\"><b>Obligaciones de los usuarios<br \/><\/b><\/span><\/p>\n<p><span style=\"background-color: var(--awb-bg-color-hover); color: var(--awb-text-color); font-family: var(--awb-text-font-family); font-size: var(--awb-font-size); font-style: var(--awb-text-font-style); letter-spacing: var(--awb-letter-spacing); text-align: var(--awb-content-alignment); text-transform: var(--awb-text-transform); font-weight: var(--awb-text-font-weight);\">Al acceder, navegar y utilizar el Sitio Web, se considera que acepta las presentes Condiciones y se compromete a cumplir las siguientes obligaciones:<\/span><\/p>\n<ul>\n<li style=\"font-weight: 400;\" aria-level=\"1\"><b>Uso adecuado<\/b><span style=\"font-weight: 400;\">: Usted no utilizar\u00e1 el Contenido o los Servicios proporcionados en el Sitio Web con fines ilegales o no autorizados.<\/span><\/li>\n<li style=\"font-weight: 400;\" aria-level=\"1\"><b>Exactitud de la informaci\u00f3n<\/b><span style=\"font-weight: 400;\">: Usted se compromete a facilitar informaci\u00f3n exacta y l\u00edcita al utilizar los formularios o funcionalidades que ofrece el Sitio Web.<\/span><\/li>\n<\/ul>\n<p><span style=\"font-weight: 400;\">El Titular no permite el uso del Sitio Web ni de sus Servicios a los menores de edad, por lo que el Usuario deber\u00e1 tener capacidad legal suficiente para cumplir las presentes Condiciones.<\/span><\/p>\n<p><strong>4. 4. Acceso y navegaci\u00f3n en el Sitio Web: Exclusi\u00f3n de garant\u00edas y de responsabilidad<\/strong><\/p>\n<p><span style=\"font-weight: 400;\">El Titular se esfuerza por asegurar que el acceso al Sitio Web sea ininterrumpido y libre de errores, pero no lo garantiza. El Titular no se hace responsable de:<\/span><\/p>\n<ul>\n<li style=\"font-weight: 400;\" aria-level=\"1\"><span style=\"font-weight: 400;\">Posibles da\u00f1os causados por virus o programas maliciosos introducidos por terceros.<\/span><\/li>\n<li style=\"font-weight: 400;\" aria-level=\"1\"><span style=\"font-weight: 400;\">Fallos en las telecomunicaciones o interrupciones en el acceso.<\/span><\/li>\n<\/ul>\n<p><strong>5. Pol\u00edtica de enlaces<\/strong><\/p>\n<p><span style=\"font-weight: 400;\">El Sitio Web puede incluir enlaces a sitios web de terceros para su comodidad. El Titular no es responsable de la exactitud, el contenido o la seguridad de los sitios web de terceros y recomienda revisar las condiciones de uso y las pol\u00edticas de privacidad de dichos sitios web.<\/span><\/p>\n<p><strong>6. Propiedad intelectual e industrial<\/strong><\/p>\n<p><span style=\"font-weight: 400;\">Repropix es titular de todos los derechos de propiedad intelectual e industrial asociados al Sitio Web, incluidos, entre otros, su dise\u00f1o, marcas y logotipos.<\/span><\/p>\n<ul>\n<li style=\"font-weight: 400;\" aria-level=\"1\"><span style=\"font-weight: 400;\">Los usuarios est\u00e1n autorizados a utilizar los Contenidos estrictamente con fines personales.<\/span><\/li>\n<li style=\"font-weight: 400;\" aria-level=\"1\"><span style=\"font-weight: 400;\">Se proh\u00edbe el uso comercial o la reproducci\u00f3n sin autorizaci\u00f3n expl\u00edcita.<\/span><\/li>\n<\/ul>\n<\/div><\/div><\/div><\/div><\/div><div class=\"fusion-fullwidth fullwidth-box fusion-builder-row-2 fusion-flex-container nonhundred-percent-fullwidth non-hundred-percent-height-scrolling\" style=\"--awb-border-radius-top-left:0px;--awb-border-radius-top-right:0px;--awb-border-radius-bottom-right:0px;--awb-border-radius-bottom-left:0px;--awb-flex-wrap:wrap;\" ><div class=\"fusion-builder-row fusion-row fusion-flex-align-items-flex-start fusion-flex-content-wrap\" style=\"max-width:calc( 1200px + 0px );margin-left: calc(-0px \/ 2 );margin-right: calc(-0px \/ 2 );\"><div class=\"fusion-layout-column fusion_builder_column fusion-builder-column-1 fusion_builder_column_1_1 1_1 fusion-flex-column\" style=\"--awb-bg-blend:overlay;--awb-bg-size:cover;--awb-width-large:100%;--awb-margin-top-large:0px;--awb-spacing-right-large:0px;--awb-margin-bottom-large:20px;--awb-spacing-left-large:0px;--awb-width-medium:100%;--awb-spacing-right-medium:0px;--awb-spacing-left-medium:0px;--awb-width-small:100%;--awb-spacing-right-small:0px;--awb-spacing-left-small:0px;\"><div class=\"fusion-column-wrapper fusion-column-has-shadow fusion-flex-justify-content-flex-start fusion-content-layout-column\"><div class=\"fusion-title title fusion-title-2 fusion-title-center fusion-title-text fusion-title-size-one\"><div class=\"title-sep-container title-sep-container-left\"><div class=\"title-sep sep-single sep-solid\" style=\"border-color:#e0dede;\"><\/div><\/div><span class=\"awb-title-spacer\"><\/span><h1 class=\"fusion-title-heading title-heading-center fusion-responsive-typography-calculated\" style=\"margin:0;--fontSize:46;line-height:1;\">Pol\u00edtica de privacidad<\/h1><span class=\"awb-title-spacer\"><\/span><div class=\"title-sep-container title-sep-container-right\"><div class=\"title-sep sep-single sep-solid\" style=\"border-color:#e0dede;\"><\/div><\/div><\/div><div class=\"fusion-text fusion-text-2\"><p><span style=\"font-weight: 400;\"><br \/><\/span><\/p>\n<p><span style=\"font-weight: 400;\">La presente pol\u00edtica de privacidad se ajusta a <\/span><b>Reglamento (UE) 2016\/679 (Reglamento general de protecci\u00f3n de datos - RGPD)<\/b><span style=\"font-weight: 400;\"> y otras leyes de protecci\u00f3n de datos aplicables.<\/span><\/p>\n<p><strong>1. Controlador de datos<\/strong><\/p>\n<ul>\n<li style=\"font-weight: 400;\" aria-level=\"1\"><b>Nombre de la empresa<\/b><span style=\"font-weight: 400;\">: Repropix<\/span><\/li>\n<li style=\"font-weight: 400;\" aria-level=\"1\"><b>Direcci\u00f3n<\/b><span style=\"font-weight: 400;\">: 1629 Janet Street, Downers Grove, IL 60505, EE.UU.<\/span><\/li>\n<li style=\"font-weight: 400;\" aria-level=\"1\"><b>Correo electr\u00f3nico de contacto<\/b><span style=\"font-weight: 400;\">: <a style=\"color: inherit; cursor: pointer;\" href=\"mailto:team@repropix.eu\" target=\"_blank\" rel=\"noopener\">team@repropix.eu<\/a><\/span><\/li>\n<\/ul>\n<p><strong>2. Finalidad del tratamiento de datos<\/strong><\/p>\n<p><span style=\"font-weight: 400;\">Repropix puede recoger y tratar datos personales para los siguientes fines:<\/span><\/p>\n<ol>\n<li style=\"font-weight: 400;\" aria-level=\"1\"><b>Responder a las peticiones de los usuarios<\/b><span style=\"font-weight: 400;\">: Para gestionar las consultas o solicitudes enviadas a trav\u00e9s de formularios de contacto o correo electr\u00f3nico.<\/span><\/li>\n<li style=\"font-weight: 400;\" aria-level=\"1\"><b>Marketing<\/b><span style=\"font-weight: 400;\">: Para enviar comunicaciones promocionales, ofertas y actualizaciones (previo consentimiento).<\/span><\/li>\n<li style=\"font-weight: 400;\" aria-level=\"1\"><b>Cumplimiento de servicios<\/b><span style=\"font-weight: 400;\">: Facilitar, cumplir y gestionar los compromisos establecidos entre Repropix y el Usuario.<\/span><\/li>\n<\/ol>\n<p><span style=\"font-weight: 400;\">Los datos personales s\u00f3lo se tratar\u00e1n para los fines expl\u00edcitamente indicados y en cumplimiento de los requisitos legales.<\/span><\/p>\n<p><strong>3. Base jur\u00eddica del tratamiento de datos<\/strong><\/p>\n<p><span style=\"font-weight: 400;\">El tratamiento de los datos personales se basa en:<\/span><\/p>\n<ol>\n<li style=\"font-weight: 400;\" aria-level=\"1\"><b>Consentimiento del usuario<\/b><span style=\"font-weight: 400;\">: Al aceptar esta Pol\u00edtica de Privacidad, usted consiente el tratamiento de sus datos.<\/span><\/li>\n<li style=\"font-weight: 400;\" aria-level=\"1\"><b>Necesidad contractual<\/b><span style=\"font-weight: 400;\">: El tratamiento de datos es necesario para cumplir obligaciones contractuales o precontractuales.<\/span><\/li>\n<li style=\"font-weight: 400;\" aria-level=\"1\"><b>Obligaciones legales<\/b><span style=\"font-weight: 400;\">: Cumplimiento de las leyes o reglamentos aplicables que exigen el tratamiento de datos.<\/span><\/li>\n<\/ol>\n<p><span style=\"font-weight: 400;\">Los usuarios pueden revocar su consentimiento en cualquier momento sin que ello afecte a la legalidad del tratamiento previo de los datos.<\/span><\/p>\n<p><strong>4. Categor\u00edas de datos personales<\/strong><\/p>\n<p><span style=\"font-weight: 400;\">Los datos personales tratados por Repropix pueden incluir:<\/span><\/p>\n<ul>\n<li style=\"font-weight: 400;\" aria-level=\"1\"><b>Datos de identificaci\u00f3n<\/b><span style=\"font-weight: 400;\">: Nombre, direcci\u00f3n de correo electr\u00f3nico, n\u00famero de tel\u00e9fono.<\/span><\/li>\n<li style=\"font-weight: 400;\" aria-level=\"1\"><b>Datos de comunicaci\u00f3n<\/b><span style=\"font-weight: 400;\">: Informaci\u00f3n compartida a trav\u00e9s de formularios de contacto, correos electr\u00f3nicos o canales de atenci\u00f3n al cliente.<\/span><\/li>\n<\/ul>\n<p><span style=\"font-weight: 400;\">Los datos facilitados por los usuarios deben ser veraces y exactos. Repropix declina toda responsabilidad por los da\u00f1os causados por datos inexactos o incompletos enviados por el usuario.<\/span><\/p>\n<p><strong>5. Per\u00edodo de conservaci\u00f3n de los datos<\/strong><\/p>\n<p><span style=\"font-weight: 400;\">Repropix conserva los datos personales durante el tiempo necesario para cumplir los fines descritos en esta Pol\u00edtica de Privacidad o seg\u00fan lo exija la ley.<\/span><\/p>\n<ul>\n<li style=\"font-weight: 400;\" aria-level=\"1\"><span style=\"font-weight: 400;\">Los datos se suprimir\u00e1n cuando dejen de ser necesarios o a petici\u00f3n del usuario, salvo cuando su conservaci\u00f3n sea legalmente obligatoria.<\/span><\/li>\n<\/ul>\n<p><strong>6. Seguridad de los datos<\/strong><\/p>\n<p><span style=\"font-weight: 400;\">Repropix adopta medidas t\u00e9cnicas y organizativas apropiadas para salvaguardar los datos de los usuarios contra el acceso no autorizado, la alteraci\u00f3n o la destrucci\u00f3n. Estas medidas incluyen:<\/span><\/p>\n<ul>\n<li style=\"font-weight: 400;\" aria-level=\"1\"><span style=\"font-weight: 400;\">Sistemas de almacenamiento seguros.<\/span><\/li>\n<li style=\"font-weight: 400;\" aria-level=\"1\"><span style=\"font-weight: 400;\">Acceso restringido a los datos personales.<\/span><\/li>\n<\/ul>\n<p><span style=\"font-weight: 400;\">Los empleados, contratistas y terceros est\u00e1n sujetos a acuerdos de confidencialidad.<\/span><\/p>\n<p><strong>7. Intercambio de datos y terceros<\/strong><\/p>\n<p><span style=\"font-weight: 400;\">Repropix no compartir\u00e1 datos personales con terceros a menos que:<\/span><\/p>\n<ul>\n<li style=\"font-weight: 400;\" aria-level=\"1\"><span style=\"font-weight: 400;\">Se ha obtenido el consentimiento expl\u00edcito del usuario.<\/span><\/li>\n<li style=\"font-weight: 400;\" aria-level=\"1\"><span style=\"font-weight: 400;\">Compartir datos es necesario para cumplir obligaciones legales.<\/span><\/li>\n<\/ul>\n<p><span style=\"font-weight: 400;\">Cuando proceda, los terceros proveedores de servicios deben cumplir los requisitos del RGPD.<\/span><\/p>\n<p><strong>8. Derechos del usuario<\/strong><\/p>\n<p><span style=\"font-weight: 400;\">En virtud del GDPR, los usuarios tienen los siguientes derechos:<\/span><\/p>\n<ul>\n<li style=\"font-weight: 400;\" aria-level=\"1\"><b>Acceda a<\/b><span style=\"font-weight: 400;\">: Solicitar acceso a los datos personales en poder de Repropix.<\/span><\/li>\n<li style=\"font-weight: 400;\" aria-level=\"1\"><b>Rectificaci\u00f3n<\/b><span style=\"font-weight: 400;\">: Corrija los datos inexactos o incompletos.<\/span><\/li>\n<li style=\"font-weight: 400;\" aria-level=\"1\"><b>Borrado<\/b><span style=\"font-weight: 400;\">: Solicitar la supresi\u00f3n de datos personales (\"Derecho al olvido\").<\/span><\/li>\n<li style=\"font-weight: 400;\" aria-level=\"1\"><b>Protesto<\/b><span style=\"font-weight: 400;\">: Oponerse a actividades espec\u00edficas de tratamiento de datos.<\/span><\/li>\n<li style=\"font-weight: 400;\" aria-level=\"1\"><b>Restricci\u00f3n<\/b><span style=\"font-weight: 400;\">: Solicitud de tratamiento limitado de datos.<\/span><\/li>\n<li style=\"font-weight: 400;\" aria-level=\"1\"><b>Portabilidad<\/b><span style=\"font-weight: 400;\">: Recibir una copia de los datos personales en un formato legible por m\u00e1quina.<\/span><\/li>\n<\/ul>\n<p><span style=\"font-weight: 400;\">Para ejercer estos derechos, p\u00f3ngase en contacto con <\/span><b>team@repropix.eu<\/b><span style=\"font-weight: 400;\"> con el asunto \"Solicitud de derechos GDPR\".<\/span><\/p>\n<p><strong>9. Cambios en esta pol\u00edtica de privacidad<\/strong><\/p>\n<p><span style=\"font-weight: 400;\">Repropix se reserva el derecho de actualizar esta Pol\u00edtica de Privacidad para reflejar cambios en los servicios, obligaciones legales o pr\u00e1cticas empresariales. Las actualizaciones importantes se notificar\u00e1n a los usuarios a trav\u00e9s del sitio web u otros canales de comunicaci\u00f3n.<\/span><\/p>\n<p><strong>10. Informaci\u00f3n de contacto<\/strong><\/p>\n<p><span style=\"font-weight: 400;\">Si tiene preguntas o dudas sobre esta pol\u00edtica de privacidad o las pr\u00e1cticas de protecci\u00f3n de datos, p\u00f3ngase en contacto con<\/span><\/p>\n<ul>\n<li style=\"font-weight: 400;\" aria-level=\"1\"><b>Correo electr\u00f3nico<\/b><span style=\"font-weight: 400;\">: <a style=\"color: inherit; cursor: pointer;\" href=\"mailto:team@repropix.eu\" target=\"_blank\" rel=\"noopener\">team@repropix.eu<\/a><\/span><\/li>\n<li style=\"font-weight: 400;\" aria-level=\"1\"><b>Direcci\u00f3n<\/b><span style=\"font-weight: 400;\">: 1629 Janet Street, Downers Grove, IL 60505, EE.UU.<\/span><\/li>\n<\/ul>\n<p><span style=\"font-weight: 400;\">Si considera que se han vulnerado sus derechos en materia de protecci\u00f3n de datos, puede presentar una reclamaci\u00f3n ante la autoridad de control competente.<\/span><\/p>\n<p><span style=\"font-weight: 400;\">La presente Pol\u00edtica de Privacidad entra en vigor en la fecha de su publicaci\u00f3n en el sitio web de Repropix.<\/span><\/p>\n<p><span style=\"font-weight: 400;\"><br \/><\/span><\/p>\n<p><span style=\"font-weight: 400;\"><br \/><\/span><\/p>\n<p><span style=\"font-weight: 400;\"><br \/><\/span><\/p>\n<p><span style=\"font-weight: 400;\"><br \/><\/span><\/p>\n<\/div><\/div><\/div><\/div><\/div><div class=\"fusion-fullwidth fullwidth-box fusion-builder-row-3 fusion-flex-container nonhundred-percent-fullwidth non-hundred-percent-height-scrolling\" style=\"--awb-border-radius-top-left:0px;--awb-border-radius-top-right:0px;--awb-border-radius-bottom-right:0px;--awb-border-radius-bottom-left:0px;--awb-flex-wrap:wrap;\" ><div class=\"fusion-builder-row fusion-row fusion-flex-align-items-flex-start fusion-flex-content-wrap\" style=\"max-width:calc( 1200px + 0px );margin-left: calc(-0px \/ 2 );margin-right: calc(-0px \/ 2 );\"><\/div><\/div><\/p>","protected":false},"excerpt":{"rendered":"","protected":false},"author":1,"featured_media":0,"parent":0,"menu_order":0,"comment_status":"closed","ping_status":"closed","template":"","meta":{"inline_featured_image":false,"footnotes":""},"class_list":["post-1213","page","type-page","status-publish","hentry"],"jetpack_sharing_enabled":true,"_links":{"self":[{"href":"https:\/\/repropix.eu\/es\/wp-json\/wp\/v2\/pages\/1213","targetHints":{"allow":["GET"]}}],"collection":[{"href":"https:\/\/repropix.eu\/es\/wp-json\/wp\/v2\/pages"}],"about":[{"href":"https:\/\/repropix.eu\/es\/wp-json\/wp\/v2\/types\/page"}],"author":[{"embeddable":true,"href":"https:\/\/repropix.eu\/es\/wp-json\/wp\/v2\/users\/1"}],"replies":[{"embeddable":true,"href":"https:\/\/repropix.eu\/es\/wp-json\/wp\/v2\/comments?post=1213"}],"version-history":[{"count":8,"href":"https:\/\/repropix.eu\/es\/wp-json\/wp\/v2\/pages\/1213\/revisions"}],"predecessor-version":[{"id":28450,"href":"https:\/\/repropix.eu\/es\/wp-json\/wp\/v2\/pages\/1213\/revisions\/28450"}],"wp:attachment":[{"href":"https:\/\/repropix.eu\/es\/wp-json\/wp\/v2\/media?parent=1213"}],"curies":[{"name":"wp","href":"https:\/\/api.w.org\/{rel}","templated":true}]}}