{"id":7687,"date":"2022-03-18T09:59:31","date_gmt":"2022-03-18T14:59:31","guid":{"rendered":"https:\/\/repropix.com\/?page_id=7687"},"modified":"2022-11-28T09:04:45","modified_gmt":"2022-11-28T08:04:45","slug":"client-feedback","status":"publish","type":"page","link":"https:\/\/repropix.eu\/es\/client-feedback\/","title":{"rendered":"Ay\u00fadenos a mejorar"},"content":{"rendered":"<div class=\"fusion-fullwidth fullwidth-box fusion-builder-row-1 fusion-flex-container nonhundred-percent-fullwidth non-hundred-percent-height-scrolling\" style=\"--awb-border-radius-top-left:0px;--awb-border-radius-top-right:0px;--awb-border-radius-bottom-right:0px;--awb-border-radius-bottom-left:0px;--awb-padding-top:100px;--awb-padding-bottom:100px;--awb-flex-wrap:wrap;\" ><div class=\"fusion-builder-row fusion-row fusion-flex-align-items-flex-start fusion-flex-justify-content-center fusion-flex-content-wrap\" style=\"max-width:1248px;margin-left: calc(-4% \/ 2 );margin-right: calc(-4% \/ 2 );\"><div class=\"fusion-layout-column fusion_builder_column fusion-builder-column-0 fusion_builder_column_1_1 1_1 fusion-flex-column\" style=\"--awb-bg-size:cover;--awb-width-large:100%;--awb-margin-top-large:0px;--awb-spacing-right-large:1.92%;--awb-margin-bottom-large:20px;--awb-spacing-left-large:1.92%;--awb-width-medium:100%;--awb-order-medium:0;--awb-spacing-right-medium:1.92%;--awb-spacing-left-medium:1.92%;--awb-width-small:100%;--awb-order-small:0;--awb-spacing-right-small:1.92%;--awb-spacing-left-small:1.92%;\"><div class=\"fusion-column-wrapper fusion-column-has-shadow fusion-flex-justify-content-flex-start fusion-content-layout-column\"><div class=\"fusion-title title fusion-title-1 fusion-title-center fusion-title-text fusion-title-size-one\"><div class=\"title-sep-container title-sep-container-left\"><div class=\"title-sep sep-single sep-solid\" style=\"border-color:#e0dede;\"><\/div><\/div><span class=\"awb-title-spacer\"><\/span><h1 class=\"fusion-title-heading title-heading-center fusion-responsive-typography-calculated\" style=\"margin:0;--fontSize:46;line-height:1;\">Ay\u00fadenos a mejorar<\/h1><span class=\"awb-title-spacer\"><\/span><div class=\"title-sep-container title-sep-container-right\"><div class=\"title-sep sep-single sep-solid\" style=\"border-color:#e0dede;\"><\/div><\/div><\/div><div class=\"fusion-text fusion-text-1\" style=\"--awb-content-alignment:center;--awb-text-transform:none;\"><p>\u00bfC\u00f3mo calificar\u00eda su experiencia con Repropix Corp.?<br \/>\nResponda a esta r\u00e1pida encuesta para ayudarnos a mejorar nuestro servicio.<\/p>\n<p>Esta encuesta es an\u00f3nima. Su opini\u00f3n es importante.<\/p>\n<\/div><\/div><\/div><div class=\"fusion-layout-column fusion_builder_column fusion-builder-column-1 fusion_builder_column_2_3 2_3 fusion-flex-column\" style=\"--awb-bg-size:cover;--awb-width-large:66.666666666667%;--awb-margin-top-large:0px;--awb-spacing-right-large:2.88%;--awb-margin-bottom-large:20px;--awb-spacing-left-large:2.88%;--awb-width-medium:100%;--awb-order-medium:0;--awb-spacing-right-medium:1.92%;--awb-spacing-left-medium:1.92%;--awb-width-small:100%;--awb-order-small:0;--awb-spacing-right-small:1.92%;--awb-spacing-left-small:1.92%;\"><div class=\"fusion-column-wrapper fusion-column-has-shadow fusion-flex-justify-content-flex-start fusion-content-layout-column\"><div class=\"fusion-form fusion-form-builder fusion-form-form-wrapper fusion-form-7686\" style=\"--awb-tooltip-text-color:#ffffff;--awb-tooltip-background-color:#333333;--awb-form-focus-border-color:#6868a7;--awb-form-focus-border-hover-color:rgba(104,104,167,0.5);\" data-form-id=\"7686\" data-config=\"{&quot;form_id&quot;:&quot;7686&quot;,&quot;form_post_id&quot;:&quot;7686&quot;,&quot;post_id&quot;:7687,&quot;form_type&quot;:&quot;ajax&quot;,&quot;confirmation_type&quot;:&quot;message&quot;,&quot;redirect_url&quot;:&quot;&quot;,&quot;redirect_timeout&quot;:&quot;0&quot;,&quot;field_labels&quot;:{&quot;questions-about&quot;:&quot;Do you have any questions about the photography, video, or 3D virtual tour services that we offer for your objects?&quot;,&quot;usage-frequency&quot;:&quot;How often do you need a service of photography for your real estate, 3D tours etc.?&quot;,&quot;why-us&quot;:&quot;Why did you choose this photographer? What was your deciding factor in choosing them over other photographers that might be out there.&quot;,&quot;why-use-photography&quot;:&quot;Why is it important to have professional photography when selling your home?&quot;,&quot;what-content&quot;:&quot;What kind of content are you interested in finding on Repropix Corp.&#039;s social media platforms (Facebook, LinkedIn)?&quot;,&quot;email-service&quot;:&quot;What email service provider do you use?&quot;},&quot;field_logics&quot;:{&quot;questions-about&quot;:&quot;[]&quot;,&quot;usage-frequency&quot;:&quot;&quot;,&quot;why-us&quot;:&quot;&quot;,&quot;why-use-photography&quot;:&quot;&quot;,&quot;what-content&quot;:&quot;&quot;,&quot;email-service&quot;:&quot;&quot;,&quot;submit_1&quot;:&quot;&quot;,&quot;notice_1&quot;:&quot;&quot;},&quot;field_types&quot;:{&quot;questions-about&quot;:&quot;textarea&quot;,&quot;usage-frequency&quot;:&quot;radio&quot;,&quot;why-us&quot;:&quot;textarea&quot;,&quot;why-use-photography&quot;:&quot;textarea&quot;,&quot;what-content&quot;:&quot;textarea&quot;,&quot;email-service&quot;:&quot;radio&quot;,&quot;honey-20220318&quot;:&quot;honeypot&quot;,&quot;submit_1&quot;:&quot;submit&quot;,&quot;notice_1&quot;:&quot;notice&quot;},&quot;nonce_method&quot;:&quot;ajax&quot;,&quot;form_views&quot;:&quot;ajax&quot;,&quot;form_views_counting&quot;:&quot;all&quot;}\"><form action=\"https:\/\/repropix.eu\/es\/client-feedback\/\" method=\"post\" class=\"fusion-form fusion-form-7686\" data-trp-original-action=\"https:\/\/repropix.eu\/es\/client-feedback\/\"><div class=\"fusion-fullwidth fullwidth-box fusion-builder-row-1-1 fusion-flex-container nonhundred-percent-fullwidth non-hundred-percent-height-scrolling\" style=\"--awb-border-radius-top-left:0px;--awb-border-radius-top-right:0px;--awb-border-radius-bottom-right:0px;--awb-border-radius-bottom-left:0px;--awb-flex-wrap:wrap;\" ><div class=\"fusion-builder-row fusion-row fusion-flex-align-items-flex-start fusion-flex-content-wrap\" style=\"width:104% !important;max-width:104% !important;margin-left: calc(-4% \/ 2 );margin-right: calc(-4% \/ 2 );\"><div class=\"fusion-layout-column fusion_builder_column fusion-builder-column-2 fusion_builder_column_1_1 1_1 fusion-flex-column\" style=\"--awb-bg-size:cover;--awb-width-large:100%;--awb-flex-grow:0;--awb-flex-shrink:0;--awb-margin-top-large:0px;--awb-spacing-right-large:1.92%;--awb-margin-bottom-large:20px;--awb-spacing-left-large:1.92%;--awb-width-medium:100%;--awb-order-medium:0;--awb-flex-grow-medium:0;--awb-flex-shrink-medium:0;--awb-spacing-right-medium:1.92%;--awb-spacing-left-medium:1.92%;--awb-width-small:100%;--awb-order-small:0;--awb-flex-grow-small:0;--awb-flex-shrink-small:0;--awb-spacing-right-small:1.92%;--awb-spacing-left-small:1.92%;\"><div class=\"fusion-column-wrapper fusion-column-has-shadow fusion-flex-justify-content-flex-start fusion-content-layout-column\"><div class=\"fusion-form-field fusion-form-textarea-field fusion-form-label-above\" style=\"\" data-form-id=\"7686\"><label for=\"questions-about\">\u00bfTiene alguna pregunta sobre los servicios de fotograf\u00eda, v\u00eddeo o visitas virtuales en 3D que ofrecemos para sus objetos? <abbr class=\"fusion-form-element-required\" title=\"required\">*<\/abbr><\/label><textarea cols=\"40\" autocomplete=\"off\"  minlength=\"0\"  rows=\"4\" tabindex=\"\" id=\"questions-about\" name=\"questions-about\" class=\"fusion-form-input\" required=\"true\" aria-required=\"true\" placeholder=\"\u00a1S\u00ed! Me gustar\u00eda preguntarle sobre... *\" data-holds-private-data=\"false\"><\/textarea><\/div><div class=\"fusion-form-field fusion-form-radio-field fusion-form-label-above\" style=\"\" data-form-id=\"7686\"><fieldset><legend class=\"fusion-form-label-wrapper\"><span class=\"label\">\u00bfCon qu\u00e9 frecuencia necesita un servicio de fotograf\u00eda para su inmobiliaria, visitas en 3D, etc.? <abbr class=\"fusion-form-element-required\" title=\"required\">*<\/abbr><\/span><\/legend><div class=\"fusion-form-radio\"><input tabindex=\"\" id=\"radio-usage-frequency-1-0\" type=\"radio\" value=\"Daily\" name=\"usage-frequency\" class=\"fusion-form-input\" required=\"true\" aria-required=\"true\" data-holds-private-data=\"false\"\/><label for=\"radio-usage-frequency-1-0\">Diario<\/label><\/div><div class=\"fusion-form-radio\"><input tabindex=\"\" id=\"radio-usage-frequency-1-1\" type=\"radio\" value=\"Weekly\" name=\"usage-frequency\" class=\"fusion-form-input\" required=\"true\" aria-required=\"true\" data-holds-private-data=\"false\"\/><label for=\"radio-usage-frequency-1-1\">Semanal<\/label><\/div><div class=\"fusion-form-radio\"><input tabindex=\"\" id=\"radio-usage-frequency-1-2\" type=\"radio\" value=\"Monthly\" name=\"usage-frequency\" class=\"fusion-form-input\" required=\"true\" aria-required=\"true\" data-holds-private-data=\"false\"\/><label for=\"radio-usage-frequency-1-2\">Mensualmente<\/label><\/div><div class=\"fusion-form-radio\"><input tabindex=\"\" id=\"radio-usage-frequency-1-3\" type=\"radio\" value=\"When needed\" name=\"usage-frequency\" class=\"fusion-form-input\" required=\"true\" aria-required=\"true\" data-holds-private-data=\"false\"\/><label for=\"radio-usage-frequency-1-3\">En caso necesario<\/label><\/div><\/fieldset><\/div><div class=\"fusion-form-field fusion-form-textarea-field fusion-form-label-above\" style=\"\" data-form-id=\"7686\"><label for=\"why-us\">\u00bfPor qu\u00e9 eligi\u00f3 a este fot\u00f3grafo? Cu\u00e1l fue el factor decisivo para elegirlo frente a otros fot\u00f3grafos. <abbr class=\"fusion-form-element-required\" title=\"required\">*<\/abbr><\/label><textarea cols=\"40\" autocomplete=\"off\"  minlength=\"0\"  rows=\"4\" tabindex=\"\" id=\"why-us\" name=\"why-us\" class=\"fusion-form-input\" required=\"true\" aria-required=\"true\" placeholder=\"Eleg\u00ed a este fot\u00f3grafo porque... *\" data-holds-private-data=\"false\"><\/textarea><\/div><div class=\"fusion-form-field fusion-form-textarea-field fusion-form-label-above\" style=\"\" data-form-id=\"7686\"><label for=\"why-use-photography\">\u00bfPor qu\u00e9 es importante contar con fotograf\u00eda profesional a la hora de vender su casa? <abbr class=\"fusion-form-element-required\" title=\"required\">*<\/abbr><\/label><textarea cols=\"40\" autocomplete=\"off\"  minlength=\"0\"  rows=\"4\" tabindex=\"\" id=\"why-use-photography\" name=\"why-use-photography\" class=\"fusion-form-input\" required=\"true\" aria-required=\"true\" placeholder=\"Cuando se trata de vender casas... *\" data-holds-private-data=\"false\"><\/textarea><\/div><div class=\"fusion-form-field fusion-form-textarea-field fusion-form-label-above\" style=\"\" data-form-id=\"7686\"><label for=\"what-content\">\u00bfQu\u00e9 tipo de contenido le interesa encontrar en las plataformas de medios sociales de Repropix Corp. (Facebook, LinkedIn)? <abbr class=\"fusion-form-element-required\" title=\"required\">*<\/abbr><\/label><textarea cols=\"40\" autocomplete=\"off\"  minlength=\"0\"  rows=\"4\" tabindex=\"\" id=\"what-content\" name=\"what-content\" class=\"fusion-form-input\" required=\"true\" aria-required=\"true\" placeholder=\"Cuando se trata de mi News Feed, me gustar\u00eda ver... *\" data-holds-private-data=\"false\"><\/textarea><\/div><div class=\"fusion-form-field fusion-form-radio-field fusion-form-label-above\" style=\"\" data-form-id=\"7686\"><fieldset><legend class=\"fusion-form-label-wrapper\"><span class=\"label\">\u00bfQu\u00e9 proveedor de servicios de correo electr\u00f3nico utiliza? <abbr class=\"fusion-form-element-required\" title=\"required\">*<\/abbr><\/span><\/legend><div class=\"fusion-form-radio\"><input tabindex=\"\" id=\"radio-email-service-2-0\" type=\"radio\" value=\"Gmail\" name=\"email-service\" class=\"fusion-form-input\" required=\"true\" aria-required=\"true\" data-holds-private-data=\"false\"\/><label for=\"radio-email-service-2-0\">Gmail<\/label><\/div><div class=\"fusion-form-radio\"><input tabindex=\"\" id=\"radio-email-service-2-1\" type=\"radio\" value=\"Outlook\" name=\"email-service\" class=\"fusion-form-input\" required=\"true\" aria-required=\"true\" data-holds-private-data=\"false\"\/><label for=\"radio-email-service-2-1\">Outlook<\/label><\/div><div class=\"fusion-form-radio\"><input tabindex=\"\" id=\"radio-email-service-2-2\" type=\"radio\" value=\"ProtonMail\" name=\"email-service\" class=\"fusion-form-input\" required=\"true\" aria-required=\"true\" data-holds-private-data=\"false\"\/><label for=\"radio-email-service-2-2\">ProtonMail<\/label><\/div><div class=\"fusion-form-radio\"><input tabindex=\"\" id=\"radio-email-service-2-3\" type=\"radio\" value=\"Zoho Mail\" name=\"email-service\" class=\"fusion-form-input\" required=\"true\" aria-required=\"true\" data-holds-private-data=\"false\"\/><label for=\"radio-email-service-2-3\">Zoho Mail<\/label><\/div><div class=\"fusion-form-radio\"><input tabindex=\"\" id=\"radio-email-service-2-4\" type=\"radio\" value=\"iCloud Mail\" name=\"email-service\" class=\"fusion-form-input\" required=\"true\" aria-required=\"true\" data-holds-private-data=\"false\"\/><label for=\"radio-email-service-2-4\">iCloud Mail<\/label><\/div><div class=\"fusion-form-radio\"><input tabindex=\"\" id=\"radio-email-service-2-5\" type=\"radio\" value=\"Yahoo! Mail\" name=\"email-service\" class=\"fusion-form-input\" required=\"true\" aria-required=\"true\" data-holds-private-data=\"false\"\/><label for=\"radio-email-service-2-5\">Correo Yahoo<\/label><\/div><div class=\"fusion-form-radio\"><input tabindex=\"\" id=\"radio-email-service-2-6\" type=\"radio\" value=\"Other\" name=\"email-service\" class=\"fusion-form-input\" required=\"true\" aria-required=\"true\" data-holds-private-data=\"false\"\/><label for=\"radio-email-service-2-6\">Otros<\/label><\/div><\/fieldset><\/div><div class=\"fusion-form-field fusion-form-honeypot-field fusion-form-label-above\" style=\"\" data-form-id=\"7686\"><input type=\"hidden\" tabindex=\"-1\" name=\"honey-20220318\" class=\"fusion-form-input\" autocomplete=\"hypot-69e0883f32dd7\" aria-hidden=\"true\" data-fusion-is-honeypot=\"true\"><\/div><div class=\"fusion-form-field fusion-form-submit-field fusion-form-label-above\" style=\"\" data-form-id=\"7686\"><div ><button type=\"submit\" class=\"fusion-button button-flat fusion-button-default-size button-default fusion-button-default button-1 fusion-button-span-yes  button-default form-form-submit\" data-form-number=\"7686\" tabindex=\"\"><span class=\"fusion-button-text awb-button__text awb-button__text--default\">Enviar<\/span><\/button><\/div><\/div><div class=\"form-submission-notices data-notice_1\" id=\"fusion-notices-1\"><div class=\"fusion-alert alert success alert-success fusion-alert-center fusion-form-response fusion-form-response-success fusion-alert-capitalize awb-alert-native-link-color alert-dismissable awb-alert-close-boxed\" role=\"alert\"><div class=\"fusion-alert-content-wrapper\"><span class=\"alert-icon\"><i class=\"awb-icon-check-circle\" aria-hidden=\"true\"><\/i><\/span><span class=\"fusion-alert-content\">Gracias por su mensaje. Se ha enviado. <\/br><\/br>\nUtilice este c\u00f3digo para obtener $10,00 de descuento en su pr\u00f3xima compra.<\/br>\nUtiliza este cup\u00f3n al pagar: RPX4U'.<\/br>\nUn cup\u00f3n por cliente. No v\u00e1lido con otras promociones.<\/span><\/div><button type=\"button\" class=\"close toggle-alert\" data-dismiss=\"alert\" aria-label=\"Cerrar\">\u00d7<\/button><\/div><div class=\"fusion-alert alert error alert-danger fusion-alert-center fusion-form-response fusion-form-response-error fusion-alert-capitalize awb-alert-native-link-color alert-dismissable awb-alert-close-boxed\" role=\"alert\"><div class=\"fusion-alert-content-wrapper\"><span class=\"alert-icon\"><i class=\"awb-icon-exclamation-triangle\" aria-hidden=\"true\"><\/i><\/span><span class=\"fusion-alert-content\">Se ha producido un error al intentar enviar su mensaje. Vuelva a intentarlo m\u00e1s tarde.<\/span><\/div><button type=\"button\" class=\"close toggle-alert\" data-dismiss=\"alert\" aria-label=\"Cerrar\">\u00d7<\/button><\/div><\/div><\/div><\/div><\/div><\/div><input type=\"hidden\" name=\"fusion_privacy_store_ip_ua\" value=\"false\"><input type=\"hidden\" name=\"fusion_privacy_expiration_interval\" value=\"48\"><input type=\"hidden\" name=\"privacy_expiration_action\" value=\"anonymize\"><input type=\"hidden\" name=\"trp-form-language\" value=\"es\"\/><\/form><\/div><\/div><\/div><\/div><\/div>","protected":false},"excerpt":{"rendered":"","protected":false},"author":1,"featured_media":0,"parent":0,"menu_order":0,"comment_status":"closed","ping_status":"closed","template":"","meta":{"inline_featured_image":false,"footnotes":""},"class_list":["post-7687","page","type-page","status-publish","hentry"],"jetpack_sharing_enabled":true,"_links":{"self":[{"href":"https:\/\/repropix.eu\/es\/wp-json\/wp\/v2\/pages\/7687","targetHints":{"allow":["GET"]}}],"collection":[{"href":"https:\/\/repropix.eu\/es\/wp-json\/wp\/v2\/pages"}],"about":[{"href":"https:\/\/repropix.eu\/es\/wp-json\/wp\/v2\/types\/page"}],"author":[{"embeddable":true,"href":"https:\/\/repropix.eu\/es\/wp-json\/wp\/v2\/users\/1"}],"replies":[{"embeddable":true,"href":"https:\/\/repropix.eu\/es\/wp-json\/wp\/v2\/comments?post=7687"}],"version-history":[{"count":0,"href":"https:\/\/repropix.eu\/es\/wp-json\/wp\/v2\/pages\/7687\/revisions"}],"wp:attachment":[{"href":"https:\/\/repropix.eu\/es\/wp-json\/wp\/v2\/media?parent=7687"}],"curies":[{"name":"wp","href":"https:\/\/api.w.org\/{rel}","templated":true}]}}