{"id":1213,"date":"2020-03-24T21:49:29","date_gmt":"2020-03-24T21:49:29","guid":{"rendered":"https:\/\/repropix.com\/?page_id=1213"},"modified":"2025-01-21T17:33:45","modified_gmt":"2025-01-21T16:33:45","slug":"privacy-notice","status":"publish","type":"page","link":"https:\/\/repropix.eu\/fr\/privacy-notice\/","title":{"rendered":"Politique de confidentialit\u00e9"},"content":{"rendered":"<p><div class=\"fusion-fullwidth fullwidth-box fusion-builder-row-1 fusion-flex-container nonhundred-percent-fullwidth non-hundred-percent-height-scrolling\" style=\"--awb-border-radius-top-left:0px;--awb-border-radius-top-right:0px;--awb-border-radius-bottom-right:0px;--awb-border-radius-bottom-left:0px;--awb-padding-top:200px;--awb-padding-bottom:49.984399999999994px;--awb-padding-top-medium:100px;--awb-padding-top-small:50px;--awb-padding-bottom-small:50px;--awb-flex-wrap:wrap;\" ><div class=\"fusion-builder-row fusion-row fusion-flex-align-items-center fusion-flex-content-wrap\" style=\"max-width:calc( 1200px + 0px );margin-left: calc(-0px \/ 2 );margin-right: calc(-0px \/ 2 );\"><div class=\"fusion-layout-column fusion_builder_column fusion-builder-column-0 fusion_builder_column_1_1 1_1 fusion-flex-column\" style=\"--awb-bg-blend:overlay;--awb-bg-size:cover;--awb-width-large:100%;--awb-margin-top-large:0px;--awb-spacing-right-large:0px;--awb-margin-bottom-large:20px;--awb-spacing-left-large:0px;--awb-width-medium:100%;--awb-spacing-right-medium:0px;--awb-spacing-left-medium:0px;--awb-width-small:100%;--awb-spacing-right-small:0px;--awb-spacing-left-small:0px;\"><div class=\"fusion-column-wrapper fusion-flex-justify-content-flex-start fusion-content-layout-column\"><div class=\"fusion-title title fusion-title-1 fusion-title-center fusion-title-text fusion-title-size-one\"><div class=\"title-sep-container title-sep-container-left\"><div class=\"title-sep sep-single sep-solid\" style=\"border-color:#e0dede;\"><\/div><\/div><span class=\"awb-title-spacer\"><\/span><h1 class=\"fusion-title-heading title-heading-center fusion-responsive-typography-calculated\" style=\"margin:0;--fontSize:46;line-height:1;\">Avis juridique, conditions g\u00e9n\u00e9rales d'utilisation et politique de confidentialit\u00e9<\/h1><span class=\"awb-title-spacer\"><\/span><div class=\"title-sep-container title-sep-container-right\"><div class=\"title-sep sep-single sep-solid\" style=\"border-color:#e0dede;\"><\/div><\/div><\/div><div class=\"fusion-text fusion-text-1\"><p style=\"text-align: center;\"><i>Date d'entr\u00e9e en vigueur : 20 janvier 2025<\/i><\/p>\n<p><b><br \/><\/b><\/p>\n<p><b>1. Informations g\u00e9n\u00e9rales<\/b><\/p>\n<p><span style=\"color: var(--awb-text-color); font-family: var(--awb-text-font-family); font-size: var(--awb-font-size); font-style: var(--awb-text-font-style); font-weight: var(--awb-text-font-weight); letter-spacing: var(--awb-letter-spacing); text-align: var(--awb-content-alignment); text-transform: var(--awb-text-transform); background-color: var(--awb-bg-color-hover);\">Conform\u00e9ment \u00e0 l'obligation d'information stipul\u00e9e dans la <\/span><b style=\"color: var(--awb-text-color); font-family: var(--awb-text-font-family); font-size: var(--awb-font-size); font-style: var(--awb-text-font-style); letter-spacing: var(--awb-letter-spacing); text-align: var(--awb-content-alignment); text-transform: var(--awb-text-transform); background-color: var(--awb-bg-color-hover);\">Loi 34\/2002 sur les services de la soci\u00e9t\u00e9 de l'information et le commerce \u00e9lectronique (LSSI-CE)<\/b><span style=\"color: var(--awb-text-color); font-family: var(--awb-text-font-family); font-size: var(--awb-font-size); font-style: var(--awb-text-font-style); font-weight: var(--awb-text-font-weight); letter-spacing: var(--awb-letter-spacing); text-align: var(--awb-content-alignment); text-transform: var(--awb-text-transform); background-color: var(--awb-bg-color-hover);\"> du 11 juillet, les informations g\u00e9n\u00e9rales suivantes sur ce site web sont fournies ci-dessous :<\/span><b><br \/><\/b><\/p>\n<ul>\n<li style=\"font-weight: 400;\" aria-level=\"1\"><b>Nom de l'entreprise<\/b><span style=\"font-weight: 400;\">: Repropix<\/span><\/li>\n<li style=\"font-weight: 400;\" aria-level=\"1\"><b>Adresse<\/b><span style=\"font-weight: 400;\">: 1629 Janet Street, Downers Grove, IL 60505, USA<\/span><\/li>\n<li style=\"font-weight: 400;\" aria-level=\"1\"><b>Contact Email<\/b><span style=\"font-weight: 400;\">: <a style=\"color: inherit; cursor: pointer;\" href=\"mailto:team@repropix.eu\" target=\"_blank\" rel=\"noopener\">team@repropix.eu<\/a><\/span><\/li>\n<\/ul>\n<p><span style=\"font-weight: 400;\">Le site web<\/span><a href=\"https:\/\/repropix.eu\/fr\/\"> <b>www.repropix.eu<\/b><\/a><span style=\"font-weight: 400;\"> (ci-apr\u00e8s, le \"site web\") est d\u00e9tenu et exploit\u00e9 par Repropix (ci-apr\u00e8s d\u00e9nomm\u00e9 \"le titulaire\").<\/span><\/p>\n<p><strong style=\"color: var(--awb-text-color); font-family: var(--awb-text-font-family); font-size: var(--awb-font-size); font-style: var(--awb-text-font-style); letter-spacing: var(--awb-letter-spacing); text-align: var(--awb-content-alignment); text-transform: var(--awb-text-transform); background-color: var(--awb-bg-color-hover);\">2. Conditions g\u00e9n\u00e9rales d'utilisation<\/strong><\/p>\n<p><span style=\"color: var(--awb-text-color); font-family: var(--awb-text-font-family); font-size: var(--awb-font-size); font-style: var(--awb-text-font-style); letter-spacing: var(--awb-letter-spacing); text-align: var(--awb-content-alignment); text-transform: var(--awb-text-transform); background-color: var(--awb-bg-color);\"><b>Objet des conditions g\u00e9n\u00e9rales<br \/><\/b><\/span><span style=\"background-color: var(--awb-bg-color-hover); color: var(--awb-text-color); font-family: var(--awb-text-font-family); font-size: var(--awb-font-size); font-style: var(--awb-text-font-style); letter-spacing: var(--awb-letter-spacing); text-align: var(--awb-content-alignment); text-transform: var(--awb-text-transform); font-weight: var(--awb-text-font-weight);\">Les pr\u00e9sentes conditions g\u00e9n\u00e9rales d'utilisation (ci-apr\u00e8s d\u00e9nomm\u00e9es \"conditions\") r\u00e9gissent l'acc\u00e8s au site web et son utilisation. Aux fins des pr\u00e9sentes conditions, le site web comprend :<\/span><\/p>\n<ul>\n<li style=\"font-weight: 400;\" aria-level=\"1\"><span style=\"font-weight: 400;\">L'aspect visuel des interfaces, tant statiques que dynamiques, y compris la structure de navigation.<\/span><\/li>\n<li style=\"font-weight: 400;\" aria-level=\"1\"><span style=\"font-weight: 400;\">Tous les \u00e9l\u00e9ments int\u00e9gr\u00e9s au site web et \u00e0 ses interfaces (ci-apr\u00e8s, le \"contenu\").<\/span><\/li>\n<li style=\"font-weight: 400;\" aria-level=\"1\"><span style=\"font-weight: 400;\">L'ensemble des services et fonctionnalit\u00e9s en ligne propos\u00e9s aux utilisateurs (ci-apr\u00e8s, les \"Services\").<\/span><\/li>\n<\/ul>\n<p><span style=\"font-weight: 400;\">Le Titulaire se r\u00e9serve le droit de modifier, sans pr\u00e9avis, la pr\u00e9sentation et la configuration du Site, de son Contenu et de ses Services. L'acc\u00e8s au site est gratuit, sans frais de navigation g\u00e9n\u00e9rale, \u00e0 l'exception des co\u00fbts \u00e9ventuels li\u00e9s \u00e0 votre connexion Internet.<\/span><\/p>\n<p><b>3<\/b><strong>. <span style=\"color: var(--awb-text-color); font-family: var(--awb-text-font-family); font-size: var(--awb-font-size); font-style: var(--awb-text-font-style); letter-spacing: var(--awb-letter-spacing); text-align: var(--awb-content-alignment); text-transform: var(--awb-text-transform); background-color: var(--awb-bg-color-hover);\">Responsabilit\u00e9 de l'utilisateur<\/span><\/strong><\/p>\n<p><span style=\"color: var(--awb-text-color); font-family: var(--awb-text-font-family); font-size: var(--awb-font-size); font-style: var(--awb-text-font-style); letter-spacing: var(--awb-letter-spacing); text-align: var(--awb-content-alignment); text-transform: var(--awb-text-transform); background-color: var(--awb-bg-color-hover);\"><b>Obligations de l'utilisateur<br \/><\/b><\/span><\/p>\n<p><span style=\"background-color: var(--awb-bg-color-hover); color: var(--awb-text-color); font-family: var(--awb-text-font-family); font-size: var(--awb-font-size); font-style: var(--awb-text-font-style); letter-spacing: var(--awb-letter-spacing); text-align: var(--awb-content-alignment); text-transform: var(--awb-text-transform); font-weight: var(--awb-text-font-weight);\">En acc\u00e9dant au site web, en y naviguant et en l'utilisant, vous \u00eates r\u00e9put\u00e9 accepter les pr\u00e9sentes conditions et consentir aux obligations suivantes :<\/span><\/p>\n<ul>\n<li style=\"font-weight: 400;\" aria-level=\"1\"><b>Utilisation correcte<\/b><span style=\"font-weight: 400;\">: Vous n'utiliserez pas le contenu ou les services fournis sur le site web \u00e0 des fins ill\u00e9gales ou non autoris\u00e9es.<\/span><\/li>\n<li style=\"font-weight: 400;\" aria-level=\"1\"><b>Exactitude des informations<\/b><span style=\"font-weight: 400;\">: Vous vous engagez \u00e0 fournir des informations exactes et licites lorsque vous utilisez les formulaires ou les fonctionnalit\u00e9s fournis par le site web.<\/span><\/li>\n<\/ul>\n<p><span style=\"font-weight: 400;\">Le Titulaire n'autorise pas les mineurs \u00e0 utiliser le site Web ou ses services, et l'Utilisateur doit avoir la capacit\u00e9 juridique suffisante pour se conformer aux pr\u00e9sentes Conditions.<\/span><\/p>\n<p><strong>4. Acc\u00e8s et navigation sur le site web : Exclusion de garantie et de responsabilit\u00e9<\/strong><\/p>\n<p><span style=\"font-weight: 400;\">Le Titulaire s'efforce de faire en sorte que l'acc\u00e8s au Site soit ininterrompu et sans erreur, mais ne le garantit pas. Le Titulaire n'est pas responsable de :<\/span><\/p>\n<ul>\n<li style=\"font-weight: 400;\" aria-level=\"1\"><span style=\"font-weight: 400;\">les dommages potentiels caus\u00e9s par des virus ou des logiciels malveillants introduits par des tiers.<\/span><\/li>\n<li style=\"font-weight: 400;\" aria-level=\"1\"><span style=\"font-weight: 400;\">D\u00e9faillances des t\u00e9l\u00e9communications ou perturbations de l'acc\u00e8s.<\/span><\/li>\n<\/ul>\n<p><strong>5. Politique de liaison<\/strong><\/p>\n<p><span style=\"font-weight: 400;\">Le site web peut inclure des liens vers des sites web de tiers pour votre commodit\u00e9. Le titulaire n'est pas responsable de l'exactitude, du contenu ou de la s\u00e9curit\u00e9 des sites web de tiers et recommande de consulter les conditions d'utilisation et les politiques de confidentialit\u00e9 de ces sites web.<\/span><\/p>\n<p><strong>6. Propri\u00e9t\u00e9 intellectuelle et industrielle<\/strong><\/p>\n<p><span style=\"font-weight: 400;\">Repropix d\u00e9tient tous les droits de propri\u00e9t\u00e9 intellectuelle et industrielle associ\u00e9s au site Web, y compris, mais sans s'y limiter, sa conception, ses marques et ses logos.<\/span><\/p>\n<ul>\n<li style=\"font-weight: 400;\" aria-level=\"1\"><span style=\"font-weight: 400;\">Les utilisateurs sont autoris\u00e9s \u00e0 utiliser le contenu \u00e0 des fins strictement personnelles.<\/span><\/li>\n<li style=\"font-weight: 400;\" aria-level=\"1\"><span style=\"font-weight: 400;\">L'utilisation commerciale ou la reproduction sans autorisation explicite est interdite.<\/span><\/li>\n<\/ul>\n<\/div><\/div><\/div><\/div><\/div><div class=\"fusion-fullwidth fullwidth-box fusion-builder-row-2 fusion-flex-container nonhundred-percent-fullwidth non-hundred-percent-height-scrolling\" style=\"--awb-border-radius-top-left:0px;--awb-border-radius-top-right:0px;--awb-border-radius-bottom-right:0px;--awb-border-radius-bottom-left:0px;--awb-flex-wrap:wrap;\" ><div class=\"fusion-builder-row fusion-row fusion-flex-align-items-flex-start fusion-flex-content-wrap\" style=\"max-width:calc( 1200px + 0px );margin-left: calc(-0px \/ 2 );margin-right: calc(-0px \/ 2 );\"><div class=\"fusion-layout-column fusion_builder_column fusion-builder-column-1 fusion_builder_column_1_1 1_1 fusion-flex-column\" style=\"--awb-bg-blend:overlay;--awb-bg-size:cover;--awb-width-large:100%;--awb-margin-top-large:0px;--awb-spacing-right-large:0px;--awb-margin-bottom-large:20px;--awb-spacing-left-large:0px;--awb-width-medium:100%;--awb-spacing-right-medium:0px;--awb-spacing-left-medium:0px;--awb-width-small:100%;--awb-spacing-right-small:0px;--awb-spacing-left-small:0px;\"><div class=\"fusion-column-wrapper fusion-column-has-shadow fusion-flex-justify-content-flex-start fusion-content-layout-column\"><div class=\"fusion-title title fusion-title-2 fusion-title-center fusion-title-text fusion-title-size-one\"><div class=\"title-sep-container title-sep-container-left\"><div class=\"title-sep sep-single sep-solid\" style=\"border-color:#e0dede;\"><\/div><\/div><span class=\"awb-title-spacer\"><\/span><h1 class=\"fusion-title-heading title-heading-center fusion-responsive-typography-calculated\" style=\"margin:0;--fontSize:46;line-height:1;\">Politique de confidentialit\u00e9<\/h1><span class=\"awb-title-spacer\"><\/span><div class=\"title-sep-container title-sep-container-right\"><div class=\"title-sep sep-single sep-solid\" style=\"border-color:#e0dede;\"><\/div><\/div><\/div><div class=\"fusion-text fusion-text-2\"><p><span style=\"font-weight: 400;\"><br \/><\/span><\/p>\n<p><span style=\"font-weight: 400;\">La pr\u00e9sente politique de protection de la vie priv\u00e9e est conforme \u00e0 <\/span><b>R\u00e8glement (UE) 2016\/679 (R\u00e8glement g\u00e9n\u00e9ral sur la protection des donn\u00e9es - RGPD)<\/b><span style=\"font-weight: 400;\"> et d'autres lois applicables en mati\u00e8re de protection des donn\u00e9es.<\/span><\/p>\n<p><strong>1. Contr\u00f4leur de donn\u00e9es<\/strong><\/p>\n<ul>\n<li style=\"font-weight: 400;\" aria-level=\"1\"><b>Nom de l'entreprise<\/b><span style=\"font-weight: 400;\">: Repropix<\/span><\/li>\n<li style=\"font-weight: 400;\" aria-level=\"1\"><b>Adresse<\/b><span style=\"font-weight: 400;\">: 1629 Janet Street, Downers Grove, IL 60505, USA<\/span><\/li>\n<li style=\"font-weight: 400;\" aria-level=\"1\"><b>Contact Email<\/b><span style=\"font-weight: 400;\">: <a style=\"color: inherit; cursor: pointer;\" href=\"mailto:team@repropix.eu\" target=\"_blank\" rel=\"noopener\">team@repropix.eu<\/a><\/span><\/li>\n<\/ul>\n<p><strong>2. Finalit\u00e9 du traitement des donn\u00e9es<\/strong><\/p>\n<p><span style=\"font-weight: 400;\">Repropix peut collecter et traiter des donn\u00e9es \u00e0 caract\u00e8re personnel aux fins suivantes :<\/span><\/p>\n<ol>\n<li style=\"font-weight: 400;\" aria-level=\"1\"><b>R\u00e9pondre aux demandes des utilisateurs<\/b><span style=\"font-weight: 400;\">: Pour traiter les demandes de renseignements ou les requ\u00eates soumises par l'interm\u00e9diaire de formulaires de contact ou par courrier \u00e9lectronique.<\/span><\/li>\n<li style=\"font-weight: 400;\" aria-level=\"1\"><b>Marketing<\/b><span style=\"font-weight: 400;\">: Pour envoyer des communications promotionnelles, des offres et des mises \u00e0 jour (avec consentement pr\u00e9alable).<\/span><\/li>\n<li style=\"font-weight: 400;\" aria-level=\"1\"><b>Ex\u00e9cution des services<\/b><span style=\"font-weight: 400;\">: Faciliter, remplir et g\u00e9rer les engagements \u00e9tablis entre Repropix et l'utilisateur.<\/span><\/li>\n<\/ol>\n<p><span style=\"font-weight: 400;\">Les donn\u00e9es \u00e0 caract\u00e8re personnel ne seront trait\u00e9es qu'aux fins explicitement indiqu\u00e9es et dans le respect des exigences l\u00e9gales.<\/span><\/p>\n<p><strong>3. Base juridique du traitement des donn\u00e9es<\/strong><\/p>\n<p><span style=\"font-weight: 400;\">Le traitement des donn\u00e9es personnelles est bas\u00e9 sur :<\/span><\/p>\n<ol>\n<li style=\"font-weight: 400;\" aria-level=\"1\"><b>Consentement de l'utilisateur<\/b><span style=\"font-weight: 400;\">: En acceptant cette politique de confidentialit\u00e9, vous consentez au traitement de vos donn\u00e9es.<\/span><\/li>\n<li style=\"font-weight: 400;\" aria-level=\"1\"><b>N\u00e9cessit\u00e9 contractuelle<\/b><span style=\"font-weight: 400;\">: Le traitement des donn\u00e9es est n\u00e9cessaire \u00e0 l'ex\u00e9cution d'obligations contractuelles ou pr\u00e9contractuelles.<\/span><\/li>\n<li style=\"font-weight: 400;\" aria-level=\"1\"><b>Obligations l\u00e9gales<\/b><span style=\"font-weight: 400;\">: Respect des lois ou r\u00e8glements applicables au traitement des donn\u00e9es.<\/span><\/li>\n<\/ol>\n<p><span style=\"font-weight: 400;\">Les utilisateurs peuvent r\u00e9voquer leur consentement \u00e0 tout moment sans que cela n'affecte la l\u00e9galit\u00e9 du traitement ant\u00e9rieur des donn\u00e9es.<\/span><\/p>\n<p><strong>4. Cat\u00e9gories de donn\u00e9es \u00e0 caract\u00e8re personnel<\/strong><\/p>\n<p><span style=\"font-weight: 400;\">Les donn\u00e9es personnelles trait\u00e9es par Repropix peuvent inclure :<\/span><\/p>\n<ul>\n<li style=\"font-weight: 400;\" aria-level=\"1\"><b>Donn\u00e9es d'identification<\/b><span style=\"font-weight: 400;\">: Nom, adresse \u00e9lectronique, num\u00e9ro de t\u00e9l\u00e9phone.<\/span><\/li>\n<li style=\"font-weight: 400;\" aria-level=\"1\"><b>Donn\u00e9es de communication<\/b><span style=\"font-weight: 400;\">: Informations communiqu\u00e9es par le biais de formulaires de contact, de courriers \u00e9lectroniques ou de canaux d'assistance \u00e0 la client\u00e8le.<\/span><\/li>\n<\/ul>\n<p><span style=\"font-weight: 400;\">Les donn\u00e9es fournies par les utilisateurs doivent \u00eatre v\u00e9ridiques et exactes. Repropix d\u00e9cline toute responsabilit\u00e9 pour les dommages caus\u00e9s par des donn\u00e9es inexactes ou incompl\u00e8tes fournies par l'utilisateur.<\/span><\/p>\n<p><strong>5. P\u00e9riode de conservation des donn\u00e9es<\/strong><\/p>\n<p><span style=\"font-weight: 400;\">Repropix conserve les donn\u00e9es \u00e0 caract\u00e8re personnel pendant la dur\u00e9e n\u00e9cessaire \u00e0 la r\u00e9alisation des objectifs d\u00e9crits dans la pr\u00e9sente politique de confidentialit\u00e9 ou conform\u00e9ment \u00e0 la loi.<\/span><\/p>\n<ul>\n<li style=\"font-weight: 400;\" aria-level=\"1\"><span style=\"font-weight: 400;\">Les donn\u00e9es sont supprim\u00e9es lorsqu'elles ne sont plus n\u00e9cessaires ou \u00e0 la demande de l'utilisateur, sauf si leur conservation est l\u00e9galement requise.<\/span><\/li>\n<\/ul>\n<p><strong>6. S\u00e9curit\u00e9 des donn\u00e9es<\/strong><\/p>\n<p><span style=\"font-weight: 400;\">Repropix adopte des mesures techniques et organisationnelles appropri\u00e9es pour prot\u00e9ger les donn\u00e9es des utilisateurs contre l'acc\u00e8s non autoris\u00e9, l'alt\u00e9ration ou la destruction. Ces mesures comprennent<\/span><\/p>\n<ul>\n<li style=\"font-weight: 400;\" aria-level=\"1\"><span style=\"font-weight: 400;\">Syst\u00e8mes de stockage s\u00e9curis\u00e9s.<\/span><\/li>\n<li style=\"font-weight: 400;\" aria-level=\"1\"><span style=\"font-weight: 400;\">Acc\u00e8s limit\u00e9 aux donn\u00e9es personnelles.<\/span><\/li>\n<\/ul>\n<p><span style=\"font-weight: 400;\">Les employ\u00e9s, les contractants et les tiers sont li\u00e9s par des accords de confidentialit\u00e9.<\/span><\/p>\n<p><strong>7. Partage des donn\u00e9es et tiers<\/strong><\/p>\n<p><span style=\"font-weight: 400;\">Repropix ne partagera pas les donn\u00e9es personnelles avec des tiers, sauf si<\/span><\/p>\n<ul>\n<li style=\"font-weight: 400;\" aria-level=\"1\"><span style=\"font-weight: 400;\">Le consentement explicite de l'utilisateur a \u00e9t\u00e9 obtenu.<\/span><\/li>\n<li style=\"font-weight: 400;\" aria-level=\"1\"><span style=\"font-weight: 400;\">Le partage est n\u00e9cessaire pour se conformer aux obligations l\u00e9gales.<\/span><\/li>\n<\/ul>\n<p><span style=\"font-weight: 400;\">Le cas \u00e9ch\u00e9ant, les prestataires de services tiers doivent se conformer aux exigences du GDPR.<\/span><\/p>\n<p><strong>8. Droits de l'utilisateur<\/strong><\/p>\n<p><span style=\"font-weight: 400;\">En vertu du GDPR, les utilisateurs ont les droits suivants :<\/span><\/p>\n<ul>\n<li style=\"font-weight: 400;\" aria-level=\"1\"><b>Acc\u00e8s<\/b><span style=\"font-weight: 400;\">: Demander l'acc\u00e8s aux donn\u00e9es personnelles d\u00e9tenues par Repropix.<\/span><\/li>\n<li style=\"font-weight: 400;\" aria-level=\"1\"><b>Rectification<\/b><span style=\"font-weight: 400;\">: Corriger les donn\u00e9es inexactes ou incompl\u00e8tes.<\/span><\/li>\n<li style=\"font-weight: 400;\" aria-level=\"1\"><b>Effacement<\/b><span style=\"font-weight: 400;\">: Demander la suppression des donn\u00e9es \u00e0 caract\u00e8re personnel (\"droit \u00e0 l'oubli\").<\/span><\/li>\n<li style=\"font-weight: 400;\" aria-level=\"1\"><b>Objection<\/b><span style=\"font-weight: 400;\">: S'opposer \u00e0 des activit\u00e9s sp\u00e9cifiques de traitement des donn\u00e9es.<\/span><\/li>\n<li style=\"font-weight: 400;\" aria-level=\"1\"><b>Restriction<\/b><span style=\"font-weight: 400;\">: Demander un traitement limit\u00e9 des donn\u00e9es.<\/span><\/li>\n<li style=\"font-weight: 400;\" aria-level=\"1\"><b>Portabilit\u00e9<\/b><span style=\"font-weight: 400;\">: Recevoir une copie des donn\u00e9es personnelles dans un format lisible par machine.<\/span><\/li>\n<\/ul>\n<p><span style=\"font-weight: 400;\">Pour exercer ces droits, contactez <\/span><b>team@repropix.eu<\/b><span style=\"font-weight: 400;\"> avec pour objet \"Demande de droits GDPR\".<\/span><\/p>\n<p><strong>9. Modifications de la pr\u00e9sente politique de protection de la vie priv\u00e9e<\/strong><\/p>\n<p><span style=\"font-weight: 400;\">Repropix se r\u00e9serve le droit de mettre \u00e0 jour la pr\u00e9sente politique de confidentialit\u00e9 afin de refl\u00e9ter les modifications apport\u00e9es aux services, aux obligations l\u00e9gales ou aux pratiques commerciales. Les utilisateurs seront inform\u00e9s des mises \u00e0 jour importantes par le biais du site Web ou d'autres canaux de communication.<\/span><\/p>\n<p><strong>10. Informations sur les contacts<\/strong><\/p>\n<p><span style=\"font-weight: 400;\">Pour toute question ou pr\u00e9occupation concernant la pr\u00e9sente politique de confidentialit\u00e9 ou les pratiques en mati\u00e8re de protection des donn\u00e9es, veuillez contacter<\/span><\/p>\n<ul>\n<li style=\"font-weight: 400;\" aria-level=\"1\"><b>Courriel<\/b><span style=\"font-weight: 400;\">: <a style=\"color: inherit; cursor: pointer;\" href=\"mailto:team@repropix.eu\" target=\"_blank\" rel=\"noopener\">team@repropix.eu<\/a><\/span><\/li>\n<li style=\"font-weight: 400;\" aria-level=\"1\"><b>Adresse<\/b><span style=\"font-weight: 400;\">: 1629 Janet Street, Downers Grove, IL 60505, USA<\/span><\/li>\n<\/ul>\n<p><span style=\"font-weight: 400;\">Si vous estimez que vos droits en mati\u00e8re de protection des donn\u00e9es ont \u00e9t\u00e9 viol\u00e9s, vous pouvez d\u00e9poser une plainte aupr\u00e8s de l'autorit\u00e9 de contr\u00f4le comp\u00e9tente.<\/span><\/p>\n<p><span style=\"font-weight: 400;\">La pr\u00e9sente politique de protection de la vie priv\u00e9e entre en vigueur \u00e0 la date de sa publication sur le site web de Repropix.<\/span><\/p>\n<p><span style=\"font-weight: 400;\"><br \/><\/span><\/p>\n<p><span style=\"font-weight: 400;\"><br \/><\/span><\/p>\n<p><span style=\"font-weight: 400;\"><br \/><\/span><\/p>\n<p><span style=\"font-weight: 400;\"><br \/><\/span><\/p>\n<\/div><\/div><\/div><\/div><\/div><div class=\"fusion-fullwidth fullwidth-box fusion-builder-row-3 fusion-flex-container nonhundred-percent-fullwidth non-hundred-percent-height-scrolling\" style=\"--awb-border-radius-top-left:0px;--awb-border-radius-top-right:0px;--awb-border-radius-bottom-right:0px;--awb-border-radius-bottom-left:0px;--awb-flex-wrap:wrap;\" ><div class=\"fusion-builder-row fusion-row fusion-flex-align-items-flex-start fusion-flex-content-wrap\" style=\"max-width:calc( 1200px + 0px );margin-left: calc(-0px \/ 2 );margin-right: calc(-0px \/ 2 );\"><\/div><\/div><\/p>","protected":false},"excerpt":{"rendered":"","protected":false},"author":1,"featured_media":0,"parent":0,"menu_order":0,"comment_status":"closed","ping_status":"closed","template":"","meta":{"inline_featured_image":false,"footnotes":""},"class_list":["post-1213","page","type-page","status-publish","hentry"],"jetpack_sharing_enabled":true,"_links":{"self":[{"href":"https:\/\/repropix.eu\/fr\/wp-json\/wp\/v2\/pages\/1213","targetHints":{"allow":["GET"]}}],"collection":[{"href":"https:\/\/repropix.eu\/fr\/wp-json\/wp\/v2\/pages"}],"about":[{"href":"https:\/\/repropix.eu\/fr\/wp-json\/wp\/v2\/types\/page"}],"author":[{"embeddable":true,"href":"https:\/\/repropix.eu\/fr\/wp-json\/wp\/v2\/users\/1"}],"replies":[{"embeddable":true,"href":"https:\/\/repropix.eu\/fr\/wp-json\/wp\/v2\/comments?post=1213"}],"version-history":[{"count":8,"href":"https:\/\/repropix.eu\/fr\/wp-json\/wp\/v2\/pages\/1213\/revisions"}],"predecessor-version":[{"id":28450,"href":"https:\/\/repropix.eu\/fr\/wp-json\/wp\/v2\/pages\/1213\/revisions\/28450"}],"wp:attachment":[{"href":"https:\/\/repropix.eu\/fr\/wp-json\/wp\/v2\/media?parent=1213"}],"curies":[{"name":"wp","href":"https:\/\/api.w.org\/{rel}","templated":true}]}}