{"id":1213,"date":"2020-03-24T21:49:29","date_gmt":"2020-03-24T21:49:29","guid":{"rendered":"https:\/\/repropix.com\/?page_id=1213"},"modified":"2025-01-21T17:33:45","modified_gmt":"2025-01-21T16:33:45","slug":"privacy-notice","status":"publish","type":"page","link":"https:\/\/repropix.eu\/pt\/privacy-notice\/","title":{"rendered":"Pol\u00edtica de privacidade"},"content":{"rendered":"<p><div class=\"fusion-fullwidth fullwidth-box fusion-builder-row-1 fusion-flex-container nonhundred-percent-fullwidth non-hundred-percent-height-scrolling\" style=\"--awb-border-radius-top-left:0px;--awb-border-radius-top-right:0px;--awb-border-radius-bottom-right:0px;--awb-border-radius-bottom-left:0px;--awb-padding-top:200px;--awb-padding-bottom:49.984399999999994px;--awb-padding-top-medium:100px;--awb-padding-top-small:50px;--awb-padding-bottom-small:50px;--awb-flex-wrap:wrap;\" ><div class=\"fusion-builder-row fusion-row fusion-flex-align-items-center fusion-flex-content-wrap\" style=\"max-width:calc( 1200px + 0px );margin-left: calc(-0px \/ 2 );margin-right: calc(-0px \/ 2 );\"><div class=\"fusion-layout-column fusion_builder_column fusion-builder-column-0 fusion_builder_column_1_1 1_1 fusion-flex-column\" style=\"--awb-bg-blend:overlay;--awb-bg-size:cover;--awb-width-large:100%;--awb-margin-top-large:0px;--awb-spacing-right-large:0px;--awb-margin-bottom-large:20px;--awb-spacing-left-large:0px;--awb-width-medium:100%;--awb-spacing-right-medium:0px;--awb-spacing-left-medium:0px;--awb-width-small:100%;--awb-spacing-right-small:0px;--awb-spacing-left-small:0px;\"><div class=\"fusion-column-wrapper fusion-flex-justify-content-flex-start fusion-content-layout-column\"><div class=\"fusion-title title fusion-title-1 fusion-title-center fusion-title-text fusion-title-size-one\"><div class=\"title-sep-container title-sep-container-left\"><div class=\"title-sep sep-single sep-solid\" style=\"border-color:#e0dede;\"><\/div><\/div><span class=\"awb-title-spacer\"><\/span><h1 class=\"fusion-title-heading title-heading-center fusion-responsive-typography-calculated\" style=\"margin:0;--fontSize:46;line-height:1;\">Aviso legal, condi\u00e7\u00f5es gerais de utiliza\u00e7\u00e3o e pol\u00edtica de privacidade<\/h1><span class=\"awb-title-spacer\"><\/span><div class=\"title-sep-container title-sep-container-right\"><div class=\"title-sep sep-single sep-solid\" style=\"border-color:#e0dede;\"><\/div><\/div><\/div><div class=\"fusion-text fusion-text-1\"><p style=\"text-align: center;\"><i>Data efectiva: 20 de janeiro de 2025<\/i><\/p>\n<p><b><br \/><\/b><\/p>\n<p><b>1. Informa\u00e7\u00f5es de car\u00e1cter geral<\/b><\/p>\n<p><span style=\"color: var(--awb-text-color); font-family: var(--awb-text-font-family); font-size: var(--awb-font-size); font-style: var(--awb-text-font-style); font-weight: var(--awb-text-font-weight); letter-spacing: var(--awb-letter-spacing); text-align: var(--awb-content-alignment); text-transform: var(--awb-text-transform); background-color: var(--awb-bg-color-hover);\">Em conformidade com o dever de informa\u00e7\u00e3o previsto no <\/span><b style=\"color: var(--awb-text-color); font-family: var(--awb-text-font-family); font-size: var(--awb-font-size); font-style: var(--awb-text-font-style); letter-spacing: var(--awb-letter-spacing); text-align: var(--awb-content-alignment); text-transform: var(--awb-text-transform); background-color: var(--awb-bg-color-hover);\">Lei 34\/2002 relativa aos servi\u00e7os da sociedade da informa\u00e7\u00e3o e ao com\u00e9rcio eletr\u00f3nico (LSSI-CE)<\/b><span style=\"color: var(--awb-text-color); font-family: var(--awb-text-font-family); font-size: var(--awb-font-size); font-style: var(--awb-text-font-style); font-weight: var(--awb-text-font-weight); letter-spacing: var(--awb-letter-spacing); text-align: var(--awb-content-alignment); text-transform: var(--awb-text-transform); background-color: var(--awb-bg-color-hover);\"> de 11 de julho, s\u00e3o fornecidas as seguintes informa\u00e7\u00f5es gerais sobre este s\u00edtio Web:<\/span><b><br \/><\/b><\/p>\n<ul>\n<li style=\"font-weight: 400;\" aria-level=\"1\"><b>Nome da empresa<\/b><span style=\"font-weight: 400;\">: Repropix<\/span><\/li>\n<li style=\"font-weight: 400;\" aria-level=\"1\"><b>Endere\u00e7o<\/b><span style=\"font-weight: 400;\">: 1629 Janet Street, Downers Grove, IL 60505, EUA<\/span><\/li>\n<li style=\"font-weight: 400;\" aria-level=\"1\"><b>E-mail de contacto<\/b><span style=\"font-weight: 400;\">: <a style=\"color: inherit; cursor: pointer;\" href=\"mailto:team@repropix.eu\" target=\"_blank\" rel=\"noopener\">team@repropix.eu<\/a><\/span><\/li>\n<\/ul>\n<p><span style=\"font-weight: 400;\">O s\u00edtio Web<\/span><a href=\"https:\/\/repropix.eu\/pt\/\"> <b>www.repropix.eu<\/b><\/a><span style=\"font-weight: 400;\"> (a seguir designado por \"s\u00edtio Web\") pertence e \u00e9 gerido pela Repropix (a seguir designada por \"o Titular\").<\/span><\/p>\n<p><strong style=\"color: var(--awb-text-color); font-family: var(--awb-text-font-family); font-size: var(--awb-font-size); font-style: var(--awb-text-font-style); letter-spacing: var(--awb-letter-spacing); text-align: var(--awb-content-alignment); text-transform: var(--awb-text-transform); background-color: var(--awb-bg-color-hover);\">2. Termos e condi\u00e7\u00f5es gerais de utiliza\u00e7\u00e3o<\/strong><\/p>\n<p><span style=\"color: var(--awb-text-color); font-family: var(--awb-text-font-family); font-size: var(--awb-font-size); font-style: var(--awb-text-font-style); letter-spacing: var(--awb-letter-spacing); text-align: var(--awb-content-alignment); text-transform: var(--awb-text-transform); background-color: var(--awb-bg-color);\"><b>Objetivo dos Termos e Condi\u00e7\u00f5es<br \/><\/b><\/span><span style=\"background-color: var(--awb-bg-color-hover); color: var(--awb-text-color); font-family: var(--awb-text-font-family); font-size: var(--awb-font-size); font-style: var(--awb-text-font-style); letter-spacing: var(--awb-letter-spacing); text-align: var(--awb-content-alignment); text-transform: var(--awb-text-transform); font-weight: var(--awb-text-font-weight);\">As presentes Condi\u00e7\u00f5es Gerais de Utiliza\u00e7\u00e3o (doravante, \"Condi\u00e7\u00f5es\") regulam o acesso e a utiliza\u00e7\u00e3o do S\u00edtio Web. Para efeitos das presentes Condi\u00e7\u00f5es, o S\u00edtio Web inclui:<\/span><\/p>\n<ul>\n<li style=\"font-weight: 400;\" aria-level=\"1\"><span style=\"font-weight: 400;\">O aspeto visual das interfaces, tanto est\u00e1ticas como din\u00e2micas, incluindo a estrutura de navega\u00e7\u00e3o.<\/span><\/li>\n<li style=\"font-weight: 400;\" aria-level=\"1\"><span style=\"font-weight: 400;\">Todos os elementos integrados do s\u00edtio Web e das suas interfaces (a seguir designados por \"Conte\u00fado\").<\/span><\/li>\n<li style=\"font-weight: 400;\" aria-level=\"1\"><span style=\"font-weight: 400;\">Todos os servi\u00e7os e funcionalidades em linha oferecidos aos utilizadores (a seguir designados por \"Servi\u00e7os\").<\/span><\/li>\n<\/ul>\n<p><span style=\"font-weight: 400;\">O Titular reserva-se o direito de modificar, sem aviso pr\u00e9vio, a apresenta\u00e7\u00e3o e a configura\u00e7\u00e3o do S\u00edtio Web, dos seus Conte\u00fados e dos seus Servi\u00e7os. O acesso ao S\u00edtio Web \u00e9 gratuito, sem qualquer custo para a navega\u00e7\u00e3o geral, exceto os eventuais custos decorrentes da sua liga\u00e7\u00e3o \u00e0 Internet.<\/span><\/p>\n<p><b>3<\/b><strong>. <span style=\"color: var(--awb-text-color); font-family: var(--awb-text-font-family); font-size: var(--awb-font-size); font-style: var(--awb-text-font-style); letter-spacing: var(--awb-letter-spacing); text-align: var(--awb-content-alignment); text-transform: var(--awb-text-transform); background-color: var(--awb-bg-color-hover);\">Responsabilidade do utilizador<\/span><\/strong><\/p>\n<p><span style=\"color: var(--awb-text-color); font-family: var(--awb-text-font-family); font-size: var(--awb-font-size); font-style: var(--awb-text-font-style); letter-spacing: var(--awb-letter-spacing); text-align: var(--awb-content-alignment); text-transform: var(--awb-text-transform); background-color: var(--awb-bg-color-hover);\"><b>Obriga\u00e7\u00f5es do utilizador<br \/><\/b><\/span><\/p>\n<p><span style=\"background-color: var(--awb-bg-color-hover); color: var(--awb-text-color); font-family: var(--awb-text-font-family); font-size: var(--awb-font-size); font-style: var(--awb-text-font-style); letter-spacing: var(--awb-letter-spacing); text-align: var(--awb-content-alignment); text-transform: var(--awb-text-transform); font-weight: var(--awb-text-font-weight);\">Ao aceder, navegar e utilizar o s\u00edtio Web, considera-se que o utilizador aceita as presentes condi\u00e7\u00f5es e concorda com as seguintes obriga\u00e7\u00f5es:<\/span><\/p>\n<ul>\n<li style=\"font-weight: 400;\" aria-level=\"1\"><b>Utiliza\u00e7\u00e3o correta<\/b><span style=\"font-weight: 400;\">: O utilizador n\u00e3o utilizar\u00e1 o Conte\u00fado ou os Servi\u00e7os fornecidos no Website para fins ilegais ou n\u00e3o autorizados.<\/span><\/li>\n<li style=\"font-weight: 400;\" aria-level=\"1\"><b>Exatid\u00e3o das informa\u00e7\u00f5es<\/b><span style=\"font-weight: 400;\">: O utilizador compromete-se a fornecer informa\u00e7\u00f5es exactas e l\u00edcitas ao utilizar os formul\u00e1rios ou as funcionalidades fornecidas pelo s\u00edtio Web.<\/span><\/li>\n<\/ul>\n<p><span style=\"font-weight: 400;\">O Titular n\u00e3o permite que menores de idade utilizem o S\u00edtio Web ou os seus Servi\u00e7os, e o Utilizador deve ter capacidade jur\u00eddica suficiente para cumprir estas Condi\u00e7\u00f5es.<\/span><\/p>\n<p><strong>4. Acesso e navega\u00e7\u00e3o no s\u00edtio Web: Exclus\u00e3o de garantias e de responsabilidade<\/strong><\/p>\n<p><span style=\"font-weight: 400;\">O Titular esfor\u00e7a-se por assegurar que o acesso ao s\u00edtio Web seja ininterrupto e sem erros, mas n\u00e3o o garante. O Titular n\u00e3o \u00e9 respons\u00e1vel por:<\/span><\/p>\n<ul>\n<li style=\"font-weight: 400;\" aria-level=\"1\"><span style=\"font-weight: 400;\">Danos potenciais causados por v\u00edrus ou malware introduzidos por terceiros.<\/span><\/li>\n<li style=\"font-weight: 400;\" aria-level=\"1\"><span style=\"font-weight: 400;\">Falhas nas telecomunica\u00e7\u00f5es ou perturba\u00e7\u00f5es no acesso.<\/span><\/li>\n<\/ul>\n<p><strong>5. Pol\u00edtica de liga\u00e7\u00e3o<\/strong><\/p>\n<p><span style=\"font-weight: 400;\">O S\u00edtio Web pode incluir liga\u00e7\u00f5es a s\u00edtios Web de terceiros para sua conveni\u00eancia. O Titular n\u00e3o \u00e9 respons\u00e1vel pela exatid\u00e3o, conte\u00fado ou seguran\u00e7a dos s\u00edtios Web de terceiros e recomenda a an\u00e1lise dos termos de utiliza\u00e7\u00e3o e das pol\u00edticas de privacidade desses s\u00edtios Web.<\/span><\/p>\n<p><strong>6. Propriedade intelectual e industrial<\/strong><\/p>\n<p><span style=\"font-weight: 400;\">A Repropix det\u00e9m todos os direitos de propriedade intelectual e industrial associados ao site, incluindo, mas n\u00e3o se limitando ao seu design, marcas e logotipos.<\/span><\/p>\n<ul>\n<li style=\"font-weight: 400;\" aria-level=\"1\"><span style=\"font-weight: 400;\">Os utilizadores est\u00e3o autorizados a utilizar o Conte\u00fado estritamente para fins pessoais.<\/span><\/li>\n<li style=\"font-weight: 400;\" aria-level=\"1\"><span style=\"font-weight: 400;\">\u00c9 proibida a utiliza\u00e7\u00e3o comercial ou a reprodu\u00e7\u00e3o sem autoriza\u00e7\u00e3o expl\u00edcita.<\/span><\/li>\n<\/ul>\n<\/div><\/div><\/div><\/div><\/div><div class=\"fusion-fullwidth fullwidth-box fusion-builder-row-2 fusion-flex-container nonhundred-percent-fullwidth non-hundred-percent-height-scrolling\" style=\"--awb-border-radius-top-left:0px;--awb-border-radius-top-right:0px;--awb-border-radius-bottom-right:0px;--awb-border-radius-bottom-left:0px;--awb-flex-wrap:wrap;\" ><div class=\"fusion-builder-row fusion-row fusion-flex-align-items-flex-start fusion-flex-content-wrap\" style=\"max-width:calc( 1200px + 0px );margin-left: calc(-0px \/ 2 );margin-right: calc(-0px \/ 2 );\"><div class=\"fusion-layout-column fusion_builder_column fusion-builder-column-1 fusion_builder_column_1_1 1_1 fusion-flex-column\" style=\"--awb-bg-blend:overlay;--awb-bg-size:cover;--awb-width-large:100%;--awb-margin-top-large:0px;--awb-spacing-right-large:0px;--awb-margin-bottom-large:20px;--awb-spacing-left-large:0px;--awb-width-medium:100%;--awb-spacing-right-medium:0px;--awb-spacing-left-medium:0px;--awb-width-small:100%;--awb-spacing-right-small:0px;--awb-spacing-left-small:0px;\"><div class=\"fusion-column-wrapper fusion-column-has-shadow fusion-flex-justify-content-flex-start fusion-content-layout-column\"><div class=\"fusion-title title fusion-title-2 fusion-title-center fusion-title-text fusion-title-size-one\"><div class=\"title-sep-container title-sep-container-left\"><div class=\"title-sep sep-single sep-solid\" style=\"border-color:#e0dede;\"><\/div><\/div><span class=\"awb-title-spacer\"><\/span><h1 class=\"fusion-title-heading title-heading-center fusion-responsive-typography-calculated\" style=\"margin:0;--fontSize:46;line-height:1;\">Pol\u00edtica de privacidade<\/h1><span class=\"awb-title-spacer\"><\/span><div class=\"title-sep-container title-sep-container-right\"><div class=\"title-sep sep-single sep-solid\" style=\"border-color:#e0dede;\"><\/div><\/div><\/div><div class=\"fusion-text fusion-text-2\"><p><span style=\"font-weight: 400;\"><br \/><\/span><\/p>\n<p><span style=\"font-weight: 400;\">A presente pol\u00edtica de privacidade est\u00e1 em conformidade com <\/span><b>Regulamento (UE) 2016\/679 (Regulamento Geral sobre a Prote\u00e7\u00e3o de Dados - RGPD)<\/b><span style=\"font-weight: 400;\"> e outras leis de prote\u00e7\u00e3o de dados aplic\u00e1veis.<\/span><\/p>\n<p><strong>1. Controlador de dados<\/strong><\/p>\n<ul>\n<li style=\"font-weight: 400;\" aria-level=\"1\"><b>Nome da empresa<\/b><span style=\"font-weight: 400;\">: Repropix<\/span><\/li>\n<li style=\"font-weight: 400;\" aria-level=\"1\"><b>Endere\u00e7o<\/b><span style=\"font-weight: 400;\">: 1629 Janet Street, Downers Grove, IL 60505, EUA<\/span><\/li>\n<li style=\"font-weight: 400;\" aria-level=\"1\"><b>E-mail de contacto<\/b><span style=\"font-weight: 400;\">: <a style=\"color: inherit; cursor: pointer;\" href=\"mailto:team@repropix.eu\" target=\"_blank\" rel=\"noopener\">team@repropix.eu<\/a><\/span><\/li>\n<\/ul>\n<p><strong>2. Objetivo do tratamento de dados<\/strong><\/p>\n<p><span style=\"font-weight: 400;\">A Repropix pode recolher e processar dados pessoais para as seguintes finalidades:<\/span><\/p>\n<ol>\n<li style=\"font-weight: 400;\" aria-level=\"1\"><b>Responder aos pedidos dos utilizadores<\/b><span style=\"font-weight: 400;\">: Para tratar de quest\u00f5es ou pedidos apresentados atrav\u00e9s de formul\u00e1rios de contacto ou correio eletr\u00f3nico.<\/span><\/li>\n<li style=\"font-weight: 400;\" aria-level=\"1\"><b>Marketing<\/b><span style=\"font-weight: 400;\">: Para enviar comunica\u00e7\u00f5es promocionais, ofertas e actualiza\u00e7\u00f5es (com consentimento pr\u00e9vio).<\/span><\/li>\n<li style=\"font-weight: 400;\" aria-level=\"1\"><b>Execu\u00e7\u00e3o de servi\u00e7os<\/b><span style=\"font-weight: 400;\">: Para facilitar, cumprir e gerir os compromissos estabelecidos entre a Repropix e o Utilizador.<\/span><\/li>\n<\/ol>\n<p><span style=\"font-weight: 400;\">Os dados pessoais s\u00f3 ser\u00e3o tratados para os fins explicitamente indicados e em conformidade com os requisitos legais.<\/span><\/p>\n<p><strong>3. Base jur\u00eddica para o tratamento de dados<\/strong><\/p>\n<p><span style=\"font-weight: 400;\">O tratamento dos dados pessoais baseia-se em:<\/span><\/p>\n<ol>\n<li style=\"font-weight: 400;\" aria-level=\"1\"><b>Consentimento do utilizador<\/b><span style=\"font-weight: 400;\">: Ao aceitar a presente pol\u00edtica de privacidade, o utilizador autoriza o tratamento dos seus dados.<\/span><\/li>\n<li style=\"font-weight: 400;\" aria-level=\"1\"><b>Necessidade contratual<\/b><span style=\"font-weight: 400;\">: O tratamento dos dados \u00e9 necess\u00e1rio para o cumprimento de obriga\u00e7\u00f5es contratuais ou pr\u00e9-contratuais.<\/span><\/li>\n<li style=\"font-weight: 400;\" aria-level=\"1\"><b>Obriga\u00e7\u00f5es legais<\/b><span style=\"font-weight: 400;\">: Cumprimento das leis ou regulamentos aplic\u00e1veis que exigem o tratamento de dados.<\/span><\/li>\n<\/ol>\n<p><span style=\"font-weight: 400;\">Os utilizadores podem revogar o seu consentimento a qualquer momento, sem que isso afecte a legalidade do tratamento anterior dos dados.<\/span><\/p>\n<p><strong>4. Categorias de dados pessoais<\/strong><\/p>\n<p><span style=\"font-weight: 400;\">Os dados pessoais processados pela Repropix podem incluir:<\/span><\/p>\n<ul>\n<li style=\"font-weight: 400;\" aria-level=\"1\"><b>Dados de identifica\u00e7\u00e3o<\/b><span style=\"font-weight: 400;\">: Nome, endere\u00e7o eletr\u00f3nico, n\u00famero de telefone.<\/span><\/li>\n<li style=\"font-weight: 400;\" aria-level=\"1\"><b>Dados de comunica\u00e7\u00e3o<\/b><span style=\"font-weight: 400;\">: Informa\u00e7\u00f5es partilhadas atrav\u00e9s de formul\u00e1rios de contacto, e-mails ou canais de apoio ao cliente.<\/span><\/li>\n<\/ul>\n<p><span style=\"font-weight: 400;\">Os dados fornecidos pelos usu\u00e1rios devem ser verdadeiros e precisos. A Repropix n\u00e3o se responsabiliza por danos causados por dados inexactos ou incompletos fornecidos pelo utilizador.<\/span><\/p>\n<p><strong>5. Per\u00edodo de conserva\u00e7\u00e3o dos dados<\/strong><\/p>\n<p><span style=\"font-weight: 400;\">A Repropix ret\u00e9m os dados pessoais pelo tempo necess\u00e1rio para cumprir as finalidades descritas nesta Pol\u00edtica de Privacidade ou conforme exigido por lei.<\/span><\/p>\n<ul>\n<li style=\"font-weight: 400;\" aria-level=\"1\"><span style=\"font-weight: 400;\">Os dados ser\u00e3o apagados quando deixarem de ser necess\u00e1rios ou a pedido do utilizador, exceto se a sua conserva\u00e7\u00e3o for legalmente exigida.<\/span><\/li>\n<\/ul>\n<p><strong>6. Seguran\u00e7a dos dados<\/strong><\/p>\n<p><span style=\"font-weight: 400;\">A Repropix adota medidas t\u00e9cnicas e organizacionais apropriadas para proteger os dados do usu\u00e1rio contra acesso n\u00e3o autorizado, altera\u00e7\u00e3o ou destrui\u00e7\u00e3o. Estas medidas incluem:<\/span><\/p>\n<ul>\n<li style=\"font-weight: 400;\" aria-level=\"1\"><span style=\"font-weight: 400;\">Sistemas de armazenamento seguro.<\/span><\/li>\n<li style=\"font-weight: 400;\" aria-level=\"1\"><span style=\"font-weight: 400;\">Acesso restrito aos dados pessoais.<\/span><\/li>\n<\/ul>\n<p><span style=\"font-weight: 400;\">Os funcion\u00e1rios, contratantes e terceiros est\u00e3o vinculados por acordos de confidencialidade.<\/span><\/p>\n<p><strong>7. Partilha de dados e terceiros<\/strong><\/p>\n<p><span style=\"font-weight: 400;\">A Repropix n\u00e3o compartilhar\u00e1 dados pessoais com terceiros, a menos que<\/span><\/p>\n<ul>\n<li style=\"font-weight: 400;\" aria-level=\"1\"><span style=\"font-weight: 400;\">Foi obtido o consentimento expl\u00edcito do utilizador.<\/span><\/li>\n<li style=\"font-weight: 400;\" aria-level=\"1\"><span style=\"font-weight: 400;\">A partilha \u00e9 necess\u00e1ria para cumprir obriga\u00e7\u00f5es legais.<\/span><\/li>\n<\/ul>\n<p><span style=\"font-weight: 400;\">Quando aplic\u00e1vel, os prestadores de servi\u00e7os terceiros devem cumprir os requisitos do RGPD.<\/span><\/p>\n<p><strong>8. Direitos dos utilizadores<\/strong><\/p>\n<p><span style=\"font-weight: 400;\">Nos termos do RGPD, os utilizadores t\u00eam os seguintes direitos:<\/span><\/p>\n<ul>\n<li style=\"font-weight: 400;\" aria-level=\"1\"><b>Acesso<\/b><span style=\"font-weight: 400;\">: Solicitar o acesso aos dados pessoais detidos pela Repropix.<\/span><\/li>\n<li style=\"font-weight: 400;\" aria-level=\"1\"><b>Retifica\u00e7\u00e3o<\/b><span style=\"font-weight: 400;\">: Corrigir dados inexactos ou incompletos.<\/span><\/li>\n<li style=\"font-weight: 400;\" aria-level=\"1\"><b>Apagamento<\/b><span style=\"font-weight: 400;\">: Solicitar a elimina\u00e7\u00e3o dos dados pessoais (\"Direito a ser esquecido\").<\/span><\/li>\n<li style=\"font-weight: 400;\" aria-level=\"1\"><b>Obje\u00e7\u00e3o<\/b><span style=\"font-weight: 400;\">: Opor-se a actividades espec\u00edficas de tratamento de dados.<\/span><\/li>\n<li style=\"font-weight: 400;\" aria-level=\"1\"><b>Restri\u00e7\u00e3o<\/b><span style=\"font-weight: 400;\">: Solicitar um tratamento limitado dos dados.<\/span><\/li>\n<li style=\"font-weight: 400;\" aria-level=\"1\"><b>Portabilidade<\/b><span style=\"font-weight: 400;\">: Receber uma c\u00f3pia dos dados pessoais num formato leg\u00edvel por m\u00e1quina.<\/span><\/li>\n<\/ul>\n<p><span style=\"font-weight: 400;\">Para exercer estes direitos, contactar <\/span><b>team@repropix.eu<\/b><span style=\"font-weight: 400;\"> com o assunto \"Pedido de direitos RGPD\".<\/span><\/p>\n<p><strong>9. Altera\u00e7\u00f5es \u00e0 presente pol\u00edtica de privacidade<\/strong><\/p>\n<p><span style=\"font-weight: 400;\">A Repropix se reserva o direito de atualizar esta Pol\u00edtica de Privacidade para refletir mudan\u00e7as nos servi\u00e7os, obriga\u00e7\u00f5es legais ou pr\u00e1ticas comerciais. Os usu\u00e1rios ser\u00e3o notificados de atualiza\u00e7\u00f5es significativas atrav\u00e9s do site ou de outros canais de comunica\u00e7\u00e3o.<\/span><\/p>\n<p><strong>10. Informa\u00e7\u00f5es de contacto<\/strong><\/p>\n<p><span style=\"font-weight: 400;\">Para quest\u00f5es ou d\u00favidas sobre esta Pol\u00edtica de Privacidade ou pr\u00e1ticas de prote\u00e7\u00e3o de dados, contacte:<\/span><\/p>\n<ul>\n<li style=\"font-weight: 400;\" aria-level=\"1\"><b>Correio eletr\u00f3nico<\/b><span style=\"font-weight: 400;\">: <a style=\"color: inherit; cursor: pointer;\" href=\"mailto:team@repropix.eu\" target=\"_blank\" rel=\"noopener\">team@repropix.eu<\/a><\/span><\/li>\n<li style=\"font-weight: 400;\" aria-level=\"1\"><b>Endere\u00e7o<\/b><span style=\"font-weight: 400;\">: 1629 Janet Street, Downers Grove, IL 60505, EUA<\/span><\/li>\n<\/ul>\n<p><span style=\"font-weight: 400;\">Se considerar que os seus direitos de prote\u00e7\u00e3o de dados foram violados, pode apresentar uma queixa \u00e0 autoridade de controlo competente.<\/span><\/p>\n<p><span style=\"font-weight: 400;\">Esta Pol\u00edtica de Privacidade entra em vigor a partir da data de publica\u00e7\u00e3o no site da Repropix.<\/span><\/p>\n<p><span style=\"font-weight: 400;\"><br \/><\/span><\/p>\n<p><span style=\"font-weight: 400;\"><br \/><\/span><\/p>\n<p><span style=\"font-weight: 400;\"><br \/><\/span><\/p>\n<p><span style=\"font-weight: 400;\"><br \/><\/span><\/p>\n<\/div><\/div><\/div><\/div><\/div><div class=\"fusion-fullwidth fullwidth-box fusion-builder-row-3 fusion-flex-container nonhundred-percent-fullwidth non-hundred-percent-height-scrolling\" style=\"--awb-border-radius-top-left:0px;--awb-border-radius-top-right:0px;--awb-border-radius-bottom-right:0px;--awb-border-radius-bottom-left:0px;--awb-flex-wrap:wrap;\" ><div class=\"fusion-builder-row fusion-row fusion-flex-align-items-flex-start fusion-flex-content-wrap\" style=\"max-width:calc( 1200px + 0px );margin-left: calc(-0px \/ 2 );margin-right: calc(-0px \/ 2 );\"><\/div><\/div><\/p>","protected":false},"excerpt":{"rendered":"","protected":false},"author":1,"featured_media":0,"parent":0,"menu_order":0,"comment_status":"closed","ping_status":"closed","template":"","meta":{"inline_featured_image":false,"footnotes":""},"class_list":["post-1213","page","type-page","status-publish","hentry"],"jetpack_sharing_enabled":true,"_links":{"self":[{"href":"https:\/\/repropix.eu\/pt\/wp-json\/wp\/v2\/pages\/1213","targetHints":{"allow":["GET"]}}],"collection":[{"href":"https:\/\/repropix.eu\/pt\/wp-json\/wp\/v2\/pages"}],"about":[{"href":"https:\/\/repropix.eu\/pt\/wp-json\/wp\/v2\/types\/page"}],"author":[{"embeddable":true,"href":"https:\/\/repropix.eu\/pt\/wp-json\/wp\/v2\/users\/1"}],"replies":[{"embeddable":true,"href":"https:\/\/repropix.eu\/pt\/wp-json\/wp\/v2\/comments?post=1213"}],"version-history":[{"count":8,"href":"https:\/\/repropix.eu\/pt\/wp-json\/wp\/v2\/pages\/1213\/revisions"}],"predecessor-version":[{"id":28450,"href":"https:\/\/repropix.eu\/pt\/wp-json\/wp\/v2\/pages\/1213\/revisions\/28450"}],"wp:attachment":[{"href":"https:\/\/repropix.eu\/pt\/wp-json\/wp\/v2\/media?parent=1213"}],"curies":[{"name":"wp","href":"https:\/\/api.w.org\/{rel}","templated":true}]}}